

{"id":2698,"date":"2022-03-15T10:33:31","date_gmt":"2022-03-15T09:33:31","guid":{"rendered":"https:\/\/www.casaheberart.com\/it\/?page_id=2698"},"modified":"2023-12-05T16:33:07","modified_gmt":"2023-12-05T15:33:07","slug":"welcome-to-casa-heberart-guest-house-capo-le-case","status":"publish","type":"page","link":"https:\/\/www.casaheberart.com\/fr\/welcome-to-casa-heberart-guest-house-capo-le-case\/","title":{"rendered":"Bienvenue \u00e0 Casa Heberart Guest House Capo le Case"},"content":{"rendered":"[vc_row full_width=\u00a0\u00bbstretch_row_content_no_spaces\u00a0\u00bb][vc_column]\n<div id=\"rev_slider_42_4_wrapper\" class=\"rev_slider_wrapper fullwidthbanner-container\" data-source=\"gallery\" style=\"margin:0px auto;background:transparent;padding:0px;margin-top:0px;margin-bottom:0px;\">\n<!-- START REVOLUTION SLIDER 5.4.7.4 fullwidth mode -->\n\t<div id=\"rev_slider_42_4\" class=\"rev_slider fullwidthabanner\" style=\"display:none;\" data-version=\"5.4.7.4\">\n<ul>\t<!-- SLIDE  -->\n\t<li data-index=\"rs-118\" data-transition=\"fade\" data-slotamount=\"default\" data-hideafterloop=\"0\" data-hideslideonmobile=\"off\"  data-easein=\"default\" data-easeout=\"default\" data-masterspeed=\"300\"  data-rotate=\"0\"  data-saveperformance=\"off\"  data-title=\"Slide\" data-param1=\"\" data-param2=\"\" data-param3=\"\" data-param4=\"\" data-param5=\"\" data-param6=\"\" data-param7=\"\" data-param8=\"\" data-param9=\"\" data-param10=\"\" data-description=\"\">\n\t\t<!-- MAIN IMAGE -->\n\t\t<img src=\"https:\/\/www.casaheberart.com\/wp-content\/uploads\/2018\/01\/dove-siamo-3.jpg\"  alt=\"\" title=\"dove-siamo-3\"  width=\"1700\" height=\"600\" data-bgposition=\"center center\" data-bgfit=\"cover\" data-bgrepeat=\"no-repeat\" class=\"rev-slidebg\" data-no-retina>\n\t\t<!-- LAYERS -->\n\t<\/li>\n<\/ul>\n<div class=\"tp-bannertimer tp-bottom\" style=\"visibility: hidden !important;\"><\/div>\t<\/div>\n<script>var htmlDiv = document.getElementById(\"rs-plugin-settings-inline-css\"); var htmlDivCss=\"\";\r\r\t\t\t\tif(htmlDiv) {\r\r\t\t\t\t\thtmlDiv.innerHTML = htmlDiv.innerHTML + htmlDivCss;\r\r\t\t\t\t}else{\r\r\t\t\t\t\tvar htmlDiv = document.createElement(\"div\");\r\r\t\t\t\t\thtmlDiv.innerHTML = \"<style>\" + htmlDivCss + \"<\/style>\";\r\r\t\t\t\t\tdocument.getElementsByTagName(\"head\")[0].appendChild(htmlDiv.childNodes[0]);\r\r\t\t\t\t}\r\r\t\t\t<\/script>\n\r\t\t<script type=\"text\/javascript\">\r\r\rif (setREVStartSize!==undefined) setREVStartSize(\r\r\t{c: '#rev_slider_42_4', gridwidth: [1700], gridheight: [600], sliderLayout: 'fullwidth'});\r\r\t\t\t\r\r\rvar revapi42,\r\r\ttpj;\t\r\r(function() {\t\t\t\r\r\tif (!\/loaded|interactive|complete\/.test(document.readyState)) document.addEventListener(\"DOMContentLoaded\",onLoad); else onLoad();\t\r\r\tfunction onLoad() {\t\t\t\t\r\r\t\tif (tpj===undefined) { tpj = jQuery; if(\"off\" == \"on\") tpj.noConflict();}\r\r\tif(tpj(\"#rev_slider_42_4\").revolution == undefined){\n\t\trevslider_showDoubleJqueryError(\"#rev_slider_42_4\");\n\t}else{\n\t\trevapi42 = tpj(\"#rev_slider_42_4\").show().revolution({\n\t\t\tsliderType:\"standard\",\n\t\t\tjsFileLocation:\"\/\/www.casaheberart.com\/wp-content\/plugins\/revslider\/public\/assets\/js\/\",\n\t\t\tsliderLayout:\"fullwidth\",\n\t\t\tdottedOverlay:\"none\",\n\t\t\tdelay:9000,\n\t\t\tnavigation: {\n\t\t\t\tonHoverStop:\"off\",\n\t\t\t},\n\t\t\tvisibilityLevels:[1240,1024,778,480],\n\t\t\tgridwidth:1700,\n\t\t\tgridheight:600,\n\t\t\tlazyType:\"none\",\n\t\t\tshadow:0,\n\t\t\tspinner:\"spinner0\",\n\t\t\tstopLoop:\"off\",\n\t\t\tstopAfterLoops:-1,\n\t\t\tstopAtSlide:-1,\n\t\t\tshuffle:\"off\",\n\t\t\tautoHeight:\"off\",\n\t\t\tdisableProgressBar:\"on\",\n\t\t\thideThumbsOnMobile:\"off\",\n\t\t\thideSliderAtLimit:0,\n\t\t\thideCaptionAtLimit:0,\n\t\t\thideAllCaptionAtLilmit:0,\n\t\t\tdebugMode:false,\n\t\t\tfallbacks: {\n\t\t\t\tsimplifyAll:\"off\",\n\t\t\t\tnextSlideOnWindowFocus:\"off\",\n\t\t\t\tdisableFocusListener:false,\n\t\t\t}\n\t\t});\n\t}; \/* END OF revapi call *\/\n\t\n\r }; \/* END OF ON LOAD FUNCTION *\/\r\r}()); \/* END OF WRAPPING FUNCTION *\/\r\r<\/script>\r\r\t\t<\/div><!-- END REVOLUTION SLIDER -->[\/vc_column][\/vc_row][vc_row][vc_column][vc_empty_space][vc_custom_heading text=\u00a0\u00bbBienvenue \u00e0 Casa Heberart Guest House Capo le Case\u00a0\u00bb font_container=\u00a0\u00bbtag:h1|text_align:center\u00a0\u00bb use_theme_fonts=\u00a0\u00bbyes\u00a0\u00bb][vc_empty_space height=\u00a0\u00bb15px\u00a0\u00bb][vc_custom_heading text=\u00a0\u00bbCi-dessous nous vous proposons quelques astuces et conseils pour votre s\u00e9jour\u00a0\u00bb use_theme_fonts=\u00a0\u00bbyes\u00a0\u00bb][vc_empty_space height=\u00a0\u00bb55px\u00a0\u00bb][\/vc_column][\/vc_row][vc_row][vc_column width=\u00a0\u00bb1\/6&Prime;][vc_empty_space][vc_single_image image=\u00a0\u00bb2721&Prime; img_size=\u00a0\u00bbfull\u00a0\u00bb alignment=\u00a0\u00bbcenter\u00a0\u00bb css=\u00a0\u00bb.vc_custom_1647343996080{padding-right: 20px !important;}\u00a0\u00bb][\/vc_column][vc_column width=\u00a0\u00bb5\/6&Prime;][vc_custom_heading text=\u00a0\u00bbSE DEPLACER DANS LE CENTRE HISTORIQUE\u00a0\u00bb font_container=\u00a0\u00bbtag:h3|text_align:left\u00a0\u00bb use_theme_fonts=\u00a0\u00bbyes\u00a0\u00bb][vc_column_text]Vous \u00eates \u00e0 5&prime; de la Place d&rsquo;Espagne, de la Fontaine de Trevi, de la Piazza Navona, du Campo dei Fiori\r\nPour les mus\u00e9es du Vatican, prendre le m\u00e9tro A depuis l&rsquo;Espagne et descendre \u00e0 Ottaviano\r\nColis\u00e9e &#8211; bus 85 depuis Via del Tritone, arr\u00eatez-vous \u00e0 droite dans le sens de la descente vers Via del Corso\r\n\u00c0 la disposition des invit\u00e9s, il y a des cartes sur la table.\r\n[\/vc_column_text][vc_empty_space][\/vc_column][\/vc_row][vc_row][vc_column width=\u00a0\u00bb1\/6&Prime;][vc_empty_space][vc_single_image image=\u00a0\u00bb2724&Prime; img_size=\u00a0\u00bbfull\u00a0\u00bb alignment=\u00a0\u00bbcenter\u00a0\u00bb css=\u00a0\u00bb.vc_custom_1647344040977{padding-right: 20px !important;}\u00a0\u00bb][\/vc_column][vc_column width=\u00a0\u00bb5\/6&Prime;][vc_custom_heading text=\u00a0\u00bbTICKETS DE BUS\u00a0\u00bb font_container=\u00a0\u00bbtag:h3|text_align:left\u00a0\u00bb use_theme_fonts=\u00a0\u00bbyes\u00a0\u00bb][vc_column_text]Les tickets \u00e0 1,50 \u20ac couvrent les trajets en bus (on-off) pendant 1h30 et un trajet en m\u00e9tro.\r\nOn les trouve dans tous les buralistes ou aux distributeurs automatiques des stations de m\u00e9tro &#8211; pr\u00e9parez vos pi\u00e8ces\r\nM\u00e9fiez-vous des pickpockets\r\n[\/vc_column_text][vc_empty_space][\/vc_column][\/vc_row][vc_row][vc_column width=\u00a0\u00bb1\/6&Prime;][vc_empty_space][vc_single_image image=\u00a0\u00bb2726&Prime; img_size=\u00a0\u00bbfull\u00a0\u00bb alignment=\u00a0\u00bbcenter\u00a0\u00bb css=\u00a0\u00bb.vc_custom_1647344062205{padding-right: 20px !important;}\u00a0\u00bb][\/vc_column][vc_column width=\u00a0\u00bb5\/6&Prime;][vc_custom_heading text=\u00a0\u00bbRESTAURANTS ROMAINS\u00a0\u00bb font_container=\u00a0\u00bbtag:h3|text_align:left\u00a0\u00bb use_theme_fonts=\u00a0\u00bbyes\u00a0\u00bb][vc_column_text]Sofia et Enosteria dans la Via di Capo le Case\r\nOsteria Barberini dans la Via della Purificazione\r\nOtello alla Concordia, ou Fraschetteria Beltramme dans la Via della Croce\r\nNonna Betta ou Gigetto dans le ghetto juif\r\nD&rsquo;autres restaurants sont sur Via \u00e0 Arcione ou \u00e0 Trastevere\r\n[\/vc_column_text][vc_empty_space][\/vc_column][\/vc_row][vc_row][vc_column width=\u00a0\u00bb1\/6&Prime;][vc_empty_space][vc_single_image image=\u00a0\u00bb2729&Prime; img_size=\u00a0\u00bbfull\u00a0\u00bb alignment=\u00a0\u00bbcenter\u00a0\u00bb css=\u00a0\u00bb.vc_custom_1647344072032{padding-right: 20px !important;}\u00a0\u00bb][\/vc_column][vc_column width=\u00a0\u00bb5\/6&Prime;][vc_custom_heading text=\u00a0\u00bbSUPERMARCH\u00c9S\u00a0\u00bb font_container=\u00a0\u00bbtag:h3|text_align:left\u00a0\u00bb use_theme_fonts=\u00a0\u00bbyes\u00a0\u00bb][vc_column_text]Tuod\u00ec dans la Via di Capo le Case\r\nInCoop &#8211; Via del Traforo (derri\u00e8re Largo Tritone)\r\n[\/vc_column_text][vc_empty_space][\/vc_column][\/vc_row][vc_row][vc_column width=\u00a0\u00bb1\/6&Prime;][vc_empty_space][vc_single_image image=\u00a0\u00bb2731&Prime; img_size=\u00a0\u00bbfull\u00a0\u00bb alignment=\u00a0\u00bbcenter\u00a0\u00bb css=\u00a0\u00bb.vc_custom_1647344085071{padding-right: 20px !important;}\u00a0\u00bb][\/vc_column][vc_column width=\u00a0\u00bb5\/6&Prime;][vc_custom_heading text=\u00a0\u00bbBAR\u00a0\u00bb font_container=\u00a0\u00bbtag:h3|text_align:left\u00a0\u00bb use_theme_fonts=\u00a0\u00bbyes\u00a0\u00bb][vc_column_text]Bistrot Bar Tre Caff\u00e8 \u00e0 Via Due Macelli\r\nElen Bar \u00e0 Via di Capo le Case\r\n[\/vc_column_text][vc_empty_space][\/vc_column][\/vc_row][vc_row][vc_column width=\u00a0\u00bb1\/6&Prime;][vc_empty_space][vc_single_image image=\u00a0\u00bb2733&Prime; img_size=\u00a0\u00bbfull\u00a0\u00bb alignment=\u00a0\u00bbcenter\u00a0\u00bb css=\u00a0\u00bb.vc_custom_1647344094750{padding-right: 20px !important;}\u00a0\u00bb][\/vc_column][vc_column width=\u00a0\u00bb5\/6&Prime;][vc_custom_heading text=\u00a0\u00bbBLANCHISSERIE\u00a0\u00bb font_container=\u00a0\u00bbtag:h3|text_align:left\u00a0\u00bb use_theme_fonts=\u00a0\u00bbyes\u00a0\u00bb][vc_column_text]<em>Target Laundry<\/em> at 49, Via Rasella[\/vc_column_text][vc_empty_space][\/vc_column][\/vc_row][vc_row][vc_column width=\u00a0\u00bb1\/6&Prime;][vc_empty_space][vc_single_image image=\u00a0\u00bb2739&Prime; img_size=\u00a0\u00bbfull\u00a0\u00bb alignment=\u00a0\u00bbcenter\u00a0\u00bb css=\u00a0\u00bb.vc_custom_1647344770854{padding-right: 20px !important;}\u00a0\u00bb][\/vc_column][vc_column width=\u00a0\u00bb5\/6&Prime;][vc_custom_heading text=\u00a0\u00bbSOIR\u00c9ES ROMAINES\u00a0\u00bb font_container=\u00a0\u00bbtag:h3|text_align:left\u00a0\u00bb use_theme_fonts=\u00a0\u00bbyes\u00a0\u00bb][vc_column_text]Commencez votre promenade depuis Campo de &lsquo;Fiori, continuez sur Ponte Sisto et Piazza Trilussa jusqu&rsquo;\u00e0 ce que vous atteigniez Trastevere o\u00f9 vous trouverez des clubs, des restaurants et des bars.\r\n\r\nPrenez un ap\u00e9ritif \/ d\u00eener dans la zone \u00ab\u00a0Monti\u00a0\u00bb et marchez vers le Colis\u00e9e. De l\u00e0, continuez la promenade le long des forums imp\u00e9riaux jusqu&rsquo;\u00e0 la Piazza Venezia.[\/vc_column_text][vc_empty_space][\/vc_column][\/vc_row][vc_row disable_element=\u00a0\u00bbyes\u00a0\u00bb][vc_column width=\u00a0\u00bb1\/6&Prime;][vc_empty_space][vc_single_image image=\u00a0\u00bb2877&Prime; img_size=\u00a0\u00bbfull\u00a0\u00bb alignment=\u00a0\u00bbcenter\u00a0\u00bb css=\u00a0\u00bb.vc_custom_1655122261189{padding-right: 20px !important;}\u00a0\u00bb][\/vc_column][vc_column width=\u00a0\u00bb5\/6&Prime;][vc_custom_heading text=\u00a0\u00bbTEST COVID\u00a0\u00bb font_container=\u00a0\u00bbtag:h3|text_align:left\u00a0\u00bb use_theme_fonts=\u00a0\u00bbyes\u00a0\u00bb][vc_column_text]Farmacia Reale \u2013 seulement rapid : via di Capo le Case 13A, du lundi au dimanche, de 9h00 \u00e0 18h00. Il n&rsquo;y a pas de temps d&rsquo;attente.\r\n\r\nBios San Giovanni &#8211; rapid et PCR Sur rendez-vous: in Via Magna Grecia 117, du lundi au samedi\r\n\r\nA\u00e9roport de Fiumicino, Terminal 3, zone de test. Ouvert tous les jours. TEMPS D\u2019ATTENTE 4-5 heures.\u00a0<a href=\"https:\/\/www.adr.it\/web\/aeroporti-di-roma-en\/test-areas-at-the-airport?p_p_id=it_txt_adr_cookiepolicy_web_portlet_AdrCookiePolicyBannerPortlet&amp;p_p_lifecycle=0&amp;p_p_state=normal&amp;p_p_mode=view\">https:\/\/www.adr.it\/web\/aeroporti-di-roma-en\/test-areas-at-the-airport?p_p_id=it_txt_adr_cookiepolicy_web_portlet_AdrCookiePolicyBannerPortlet&amp;p_p_lifecycle=0&amp;p_p_state=normal&amp;p_p_mode=view<\/a>[\/vc_column_text][vc_empty_space][\/vc_column][\/vc_row][vc_row][vc_column width=\u00a0\u00bb1\/6&Prime;][vc_empty_space][vc_single_image image=\u00a0\u00bb2741&Prime; img_size=\u00a0\u00bbfull\u00a0\u00bb alignment=\u00a0\u00bbcenter\u00a0\u00bb css=\u00a0\u00bb.vc_custom_1647345191312{padding-right: 20px !important;}\u00a0\u00bb][\/vc_column][vc_column width=\u00a0\u00bb5\/6&Prime;][vc_custom_heading text=\u00a0\u00bbINFORMATIONS\u00a0\u00bb font_container=\u00a0\u00bbtag:h3|text_align:left\u00a0\u00bb use_theme_fonts=\u00a0\u00bbyes\u00a0\u00bb][vc_column_text]En cas d&rsquo;assistance, nous sommes disponibles au num\u00e9ro suivant, \u00e9galement WhatsApp : +39 3277366473\r\n\r\n<strong>Nous vous souhaitons un agr\u00e9able s\u00e9jour!<\/strong>[\/vc_column_text][vc_empty_space][vc_empty_space][\/vc_column][\/vc_row][vc_row full_width=\u00a0\u00bbstretch_row\u00a0\u00bb el_id=\u00a0\u00bbcustom-contact-frm\u00a0\u00bb enable_overlay=\u00a0\u00bbtrue\u00a0\u00bb css=\u00a0\u00bb.vc_custom_1523282786564{margin-top: 30px !important;background-image: url(http:\/\/www.casaheberart.com\/wp-content\/uploads\/2018\/04\/cont-bg.jpg?id=2241) !important;background-position: center !important;background-repeat: no-repeat !important;background-size: cover !important;}\u00a0\u00bb][vc_column css=\u00a0\u00bb.vc_custom_1523282804819{margin-top: 20px !important;margin-bottom: 20px !important;padding-top: 20px !important;padding-right: 20px !important;padding-bottom: 20px !important;padding-left: 20px !important;background-color: rgba(255,255,255,0.85) !important;*background-color: rgb(255,255,255) !important;}\u00a0\u00bb][vc_column_text]\r\n<p style=\"text-align: center;\">To contact us, simply fill out the following form, we\u2019ll get back to you just as soon as we can!\r\nAlternatively, you can write to us at <a href=\"mailto:info@casaheberart.com\">info@casaheberart.com<\/a>.<\/p>\r\n[\/vc_column_text]<div role=\"form\" class=\"wpcf7\" id=\"wpcf7-f147-o4\" lang=\"it-IT\" dir=\"ltr\">\n<div class=\"screen-reader-response\"><p role=\"status\" aria-live=\"polite\" aria-atomic=\"true\"><\/p> <ul><\/ul><\/div>\n<form action=\"\/fr\/wp-json\/wp\/v2\/pages\/2698#wpcf7-f147-o4\" method=\"post\" class=\"wpcf7-form init\" novalidate=\"novalidate\" data-status=\"init\">\n<div style=\"display: none;\">\n<input type=\"hidden\" name=\"_wpcf7\" value=\"147\" \/>\n<input type=\"hidden\" name=\"_wpcf7_version\" value=\"5.5.6\" \/>\n<input type=\"hidden\" name=\"_wpcf7_locale\" value=\"it_IT\" \/>\n<input type=\"hidden\" name=\"_wpcf7_unit_tag\" value=\"wpcf7-f147-o4\" \/>\n<input type=\"hidden\" name=\"_wpcf7_container_post\" value=\"0\" \/>\n<input type=\"hidden\" name=\"_wpcf7_posted_data_hash\" value=\"\" \/>\n<\/div>\n<div class=\"contact-form\">\n<div class=\"row\">\n<div class=\"clearfix\">\n<div class=\"col-sm-6\"><i class=\"fa fa-user\"><\/i><span class=\"wpcf7-form-control-wrap your-name\"><input type=\"text\" name=\"your-name\" value=\"\" size=\"40\" class=\"wpcf7-form-control wpcf7-text wpcf7-validates-as-required field-text\" aria-required=\"true\" aria-invalid=\"false\" placeholder=\"Name*\" \/><\/span><\/div>\n<div class=\"col-sm-6\"><i class=\"fa fa-user\"><\/i><span class=\"wpcf7-form-control-wrap your-surname\"><input type=\"text\" name=\"your-surname\" value=\"\" size=\"40\" class=\"wpcf7-form-control wpcf7-text wpcf7-validates-as-required field-text\" aria-required=\"true\" aria-invalid=\"false\" placeholder=\"Surname*\" \/><\/span><\/div>\n<\/div>\n<div class=\"clearfix\">\n<div class=\"col-sm-6\"><i class=\"fa fa-phone\"><\/i><span class=\"wpcf7-form-control-wrap your-tel\"><input type=\"tel\" name=\"your-tel\" value=\"\" size=\"40\" class=\"wpcf7-form-control wpcf7-text wpcf7-tel wpcf7-validates-as-required wpcf7-validates-as-tel field-text\" aria-required=\"true\" aria-invalid=\"false\" placeholder=\"Telephone*\" \/><\/span><\/div>\n<div class=\"col-sm-6\"><i class=\"fa fa-envelope\"><\/i><span class=\"wpcf7-form-control-wrap your-email\"><input type=\"email\" name=\"your-email\" value=\"\" size=\"40\" class=\"wpcf7-form-control wpcf7-text wpcf7-email wpcf7-validates-as-required wpcf7-validates-as-email field-text\" aria-required=\"true\" aria-invalid=\"false\" placeholder=\"Email*\" \/><\/span><\/div>\n<\/div>\n<div class=\"col-sm-12\"><i class=\"fa fa-edit\"><\/i><span class=\"wpcf7-form-control-wrap your-message\"><textarea name=\"your-message\" cols=\"40\" rows=\"10\" class=\"wpcf7-form-control wpcf7-textarea wpcf7-validates-as-required field-textarea\" aria-required=\"true\" aria-invalid=\"false\" placeholder=\"Message*\"><\/textarea><\/span><\/div>\n<div class=\"col-sm-12\">\n\t\t\t<span class=\"wpcf7-form-control-wrap checkbox-terms\"><span class=\"wpcf7-form-control wpcf7-checkbox wpcf7-validates-as-required wpcf7-exclusive-checkbox\" id=\"psinformativa\"><span class=\"wpcf7-list-item first last\"><input type=\"checkbox\" name=\"checkbox-terms\" value=\"*\" \/><span class=\"wpcf7-list-item-label\">*<\/span><\/span><\/span><\/span>\n\t\t<\/div>\n<div class=\"col-sm-6\">\n\t\t\t<input type=\"submit\" value=\"SEND\" class=\"wpcf7-form-control has-spinner wpcf7-submit ev-cont-it btn-gold\" \/>\n\t\t<\/div>\n<div class=\"col-sm-12\">\n<div class=\"wpcf7-response-output\" aria-hidden=\"true\"><\/div>\n<\/div>\n<\/div>\n<\/div>\n<p><script src=\"https:\/\/servizi.promoservice.com\/gdpr\/1.0\/js\/ps-gdpr-lib.js\"><\/script><br \/>\n<script src=\"https:\/\/servizi.promoservice.com\/gdpr\/1.0\/js\/ps-gdpr-init.js\" data-customer=\"casaheberart\" data-lang=\"en\" data-type=\"informativa\"><\/script><\/p>\n<\/form><\/div>[\/vc_column][\/vc_row]","protected":false},"excerpt":{"rendered":"[vc_row full_width=\u00a0\u00bbstretch_row_content_no_spaces\u00a0\u00bb][vc_column][\/vc_column][\/vc_row][vc_row][vc_column][vc_empty_space][vc_custom_heading text=\u00a0\u00bbBienvenue \u00e0 Casa Heberart Guest House Capo le Case\u00a0\u00bb font_container=\u00a0\u00bbtag:h1|text_align:center\u00a0\u00bb use_theme_fonts=\u00a0\u00bbyes\u00a0\u00bb][vc_empty_space height=\u00a0\u00bb15px\u00a0\u00bb][vc_custom_heading text=\u00a0\u00bbCi-dessous nous vous proposons quelques astuces et conseils pour votre s\u00e9jour\u00a0\u00bb use_theme_fonts=\u00a0\u00bbyes\u00a0\u00bb][vc_empty_space height=\u00a0\u00bb55px\u00a0\u00bb][\/vc_column][\/vc_row][vc_row][vc_column width=\u00a0\u00bb1\/6&Prime;][vc_empty_space][vc_single_image image=\u00a0\u00bb2721&Prime; img_size=\u00a0\u00bbfull\u00a0\u00bb alignment=\u00a0\u00bbcenter\u00a0\u00bb css=\u00a0\u00bb.vc_custom_1647343996080{padding-right: 20px !important;}\u00a0\u00bb][\/vc_column][vc_column width=\u00a0\u00bb5\/6&Prime;][vc_custom_heading text=\u00a0\u00bbSE DEPLACER DANS LE CENTRE HISTORIQUE\u00a0\u00bb font_container=\u00a0\u00bbtag:h3|text_align:left\u00a0\u00bb use_theme_fonts=\u00a0\u00bbyes\u00a0\u00bb][vc_column_text]Vous \u00eates \u00e0 5&prime; de la Place d&rsquo;Espagne, de la Fontaine de Trevi, [&hellip;]","protected":false},"author":17,"featured_media":0,"parent":0,"menu_order":0,"comment_status":"closed","ping_status":"closed","template":"","meta":[],"yoast_head":"<!-- This site is optimized with the Yoast SEO plugin v18.3 - https:\/\/yoast.com\/wordpress\/plugins\/seo\/ -->\n<title>Bienvenue \u00e0 Casa Heberart Guest House Capo le Case<\/title>\n<meta name=\"description\" content=\"(Italiano) Roma \u00e8 una citt\u00e0 affascinante, ma anche caotica e rumorosa. Casa Heberart vi offre suggerimenti e consigli per il Vostro soggiorno a Roma\" \/>\n<meta name=\"robots\" content=\"index, follow, max-snippet:-1, max-image-preview:large, max-video-preview:-1\" \/>\n<link rel=\"canonical\" href=\"https:\/\/www.casaheberart.com\/it\/benvenuti-in-casa-heberart-guest-house-capo-le-case\/\" \/>\n<meta property=\"og:locale\" content=\"fr_FR\" \/>\n<meta property=\"og:type\" content=\"article\" \/>\n<meta property=\"og:title\" content=\"[:it]Benvenuti in Casa Heberart Guest House Capo le CaseBenvenuti in Casa Heberart Guest House Capo le Case[:en]Bienvenue \u00e0 Casa Heberart Guest House Capo le Case[:de]Welcome to Casa Heberart Guest House Sistina[:fr]Bienvenue \u00e0 Casa Heberart Guest House Capo le Case[:]\" \/>\n<meta property=\"og:description\" content=\"{:it}Roma \u00e8 una citt\u00e0 affascinante, ma anche caotica e rumorosa. Casa Heberart vi offre suggerimenti e consigli per il Vostro soggiorno a Roma{:}\" \/>\n<meta property=\"og:url\" content=\"https:\/\/www.casaheberart.com\/it\/benvenuti-in-casa-heberart-guest-house-capo-le-case\/\" \/>\n<meta property=\"og:site_name\" content=\"Heberart House\" \/>\n<meta property=\"article:modified_time\" content=\"2023-12-05T15:33:07+00:00\" \/>\n<meta name=\"twitter:card\" content=\"summary\" \/>\n<meta name=\"twitter:label1\" content=\"Dur\u00e9e de lecture estim\u00e9e\" \/>\n\t<meta name=\"twitter:data1\" content=\"3 minutes\" \/>\n<script type=\"application\/ld+json\" class=\"yoast-schema-graph\">{\"@context\":\"https:\/\/schema.org\",\"@graph\":[{\"@type\":\"WebSite\",\"@id\":\"https:\/\/www.casaheberart.com\/it\/#website\",\"url\":\"https:\/\/www.casaheberart.com\/it\/\",\"name\":\"Heberart House\",\"description\":\"ROMA\",\"potentialAction\":[{\"@type\":\"SearchAction\",\"target\":{\"@type\":\"EntryPoint\",\"urlTemplate\":\"https:\/\/www.casaheberart.com\/it\/?s={search_term_string}\"},\"query-input\":\"required name=search_term_string\"}],\"inLanguage\":\"fr-FR\"},{\"@type\":\"WebPage\",\"@id\":\"https:\/\/www.casaheberart.com\/it\/benvenuti-in-casa-heberart-guest-house-capo-le-case\/#webpage\",\"url\":\"https:\/\/www.casaheberart.com\/it\/benvenuti-in-casa-heberart-guest-house-capo-le-case\/\",\"name\":\"[:it]Benvenuti in Casa Heberart Guest House Capo le CaseBenvenuti in Casa Heberart Guest House Capo le Case[:en]Bienvenue \u00e0 Casa Heberart Guest House Capo le Case[:de]Welcome to Casa Heberart Guest House Sistina[:fr]Bienvenue \u00e0 Casa Heberart Guest House Capo le Case[:]\",\"isPartOf\":{\"@id\":\"https:\/\/www.casaheberart.com\/it\/#website\"},\"datePublished\":\"2022-03-15T09:33:31+00:00\",\"dateModified\":\"2023-12-05T15:33:07+00:00\",\"description\":\"{:it}Roma \u00e8 una citt\u00e0 affascinante, ma anche caotica e rumorosa. Casa Heberart vi offre suggerimenti e consigli per il Vostro soggiorno a Roma{:}\",\"breadcrumb\":{\"@id\":\"https:\/\/www.casaheberart.com\/it\/benvenuti-in-casa-heberart-guest-house-capo-le-case\/#breadcrumb\"},\"inLanguage\":\"fr-FR\",\"potentialAction\":[{\"@type\":\"ReadAction\",\"target\":[\"https:\/\/www.casaheberart.com\/it\/benvenuti-in-casa-heberart-guest-house-capo-le-case\/\"]}]},{\"@type\":\"BreadcrumbList\",\"@id\":\"https:\/\/www.casaheberart.com\/it\/benvenuti-in-casa-heberart-guest-house-capo-le-case\/#breadcrumb\",\"itemListElement\":[{\"@type\":\"ListItem\",\"position\":1,\"name\":\"Home\",\"item\":\"https:\/\/www.casaheberart.com\/it\/\"},{\"@type\":\"ListItem\",\"position\":2,\"name\":\"Benvenuti in Casa Heberart Guest House Capo le Case\"}]}]}<\/script>\n<!-- \/ Yoast SEO plugin. -->","yoast_head_json":{"title":"Bienvenue \u00e0 Casa Heberart Guest House Capo le Case","description":"(Italiano) Roma \u00e8 una citt\u00e0 affascinante, ma anche caotica e rumorosa. Casa Heberart vi offre suggerimenti e consigli per il Vostro soggiorno a Roma","robots":{"index":"index","follow":"follow","max-snippet":"max-snippet:-1","max-image-preview":"max-image-preview:large","max-video-preview":"max-video-preview:-1"},"canonical":"https:\/\/www.casaheberart.com\/it\/benvenuti-in-casa-heberart-guest-house-capo-le-case\/","og_locale":"fr_FR","og_type":"article","og_title":"[:it]Benvenuti in Casa Heberart Guest House Capo le CaseBenvenuti in Casa Heberart Guest House Capo le Case[:en]Bienvenue \u00e0 Casa Heberart Guest House Capo le Case[:de]Welcome to Casa Heberart Guest House Sistina[:fr]Bienvenue \u00e0 Casa Heberart Guest House Capo le Case[:]","og_description":"{:it}Roma \u00e8 una citt\u00e0 affascinante, ma anche caotica e rumorosa. Casa Heberart vi offre suggerimenti e consigli per il Vostro soggiorno a Roma{:}","og_url":"https:\/\/www.casaheberart.com\/it\/benvenuti-in-casa-heberart-guest-house-capo-le-case\/","og_site_name":"Heberart House","article_modified_time":"2023-12-05T15:33:07+00:00","twitter_card":"summary","twitter_misc":{"Dur\u00e9e de lecture estim\u00e9e":"3 minutes"},"schema":{"@context":"https:\/\/schema.org","@graph":[{"@type":"WebSite","@id":"https:\/\/www.casaheberart.com\/it\/#website","url":"https:\/\/www.casaheberart.com\/it\/","name":"Heberart House","description":"ROMA","potentialAction":[{"@type":"SearchAction","target":{"@type":"EntryPoint","urlTemplate":"https:\/\/www.casaheberart.com\/it\/?s={search_term_string}"},"query-input":"required name=search_term_string"}],"inLanguage":"fr-FR"},{"@type":"WebPage","@id":"https:\/\/www.casaheberart.com\/it\/benvenuti-in-casa-heberart-guest-house-capo-le-case\/#webpage","url":"https:\/\/www.casaheberart.com\/it\/benvenuti-in-casa-heberart-guest-house-capo-le-case\/","name":"[:it]Benvenuti in Casa Heberart Guest House Capo le CaseBenvenuti in Casa Heberart Guest House Capo le Case[:en]Bienvenue \u00e0 Casa Heberart Guest House Capo le Case[:de]Welcome to Casa Heberart Guest House Sistina[:fr]Bienvenue \u00e0 Casa Heberart Guest House Capo le Case[:]","isPartOf":{"@id":"https:\/\/www.casaheberart.com\/it\/#website"},"datePublished":"2022-03-15T09:33:31+00:00","dateModified":"2023-12-05T15:33:07+00:00","description":"{:it}Roma \u00e8 una citt\u00e0 affascinante, ma anche caotica e rumorosa. Casa Heberart vi offre suggerimenti e consigli per il Vostro soggiorno a Roma{:}","breadcrumb":{"@id":"https:\/\/www.casaheberart.com\/it\/benvenuti-in-casa-heberart-guest-house-capo-le-case\/#breadcrumb"},"inLanguage":"fr-FR","potentialAction":[{"@type":"ReadAction","target":["https:\/\/www.casaheberart.com\/it\/benvenuti-in-casa-heberart-guest-house-capo-le-case\/"]}]},{"@type":"BreadcrumbList","@id":"https:\/\/www.casaheberart.com\/it\/benvenuti-in-casa-heberart-guest-house-capo-le-case\/#breadcrumb","itemListElement":[{"@type":"ListItem","position":1,"name":"Home","item":"https:\/\/www.casaheberart.com\/it\/"},{"@type":"ListItem","position":2,"name":"Benvenuti in Casa Heberart Guest House Capo le Case"}]}]}},"_links":{"self":[{"href":"https:\/\/www.casaheberart.com\/fr\/wp-json\/wp\/v2\/pages\/2698"}],"collection":[{"href":"https:\/\/www.casaheberart.com\/fr\/wp-json\/wp\/v2\/pages"}],"about":[{"href":"https:\/\/www.casaheberart.com\/fr\/wp-json\/wp\/v2\/types\/page"}],"author":[{"embeddable":true,"href":"https:\/\/www.casaheberart.com\/fr\/wp-json\/wp\/v2\/users\/17"}],"replies":[{"embeddable":true,"href":"https:\/\/www.casaheberart.com\/fr\/wp-json\/wp\/v2\/comments?post=2698"}],"version-history":[{"count":68,"href":"https:\/\/www.casaheberart.com\/fr\/wp-json\/wp\/v2\/pages\/2698\/revisions"}],"predecessor-version":[{"id":2933,"href":"https:\/\/www.casaheberart.com\/fr\/wp-json\/wp\/v2\/pages\/2698\/revisions\/2933"}],"wp:attachment":[{"href":"https:\/\/www.casaheberart.com\/fr\/wp-json\/wp\/v2\/media?parent=2698"}],"curies":[{"name":"wp","href":"https:\/\/api.w.org\/{rel}","templated":true}]}}