

{"id":2753,"date":"2022-03-16T11:34:59","date_gmt":"2022-03-16T10:34:59","guid":{"rendered":"https:\/\/www.casaheberart.com\/it\/?page_id=2753"},"modified":"2023-12-05T16:27:29","modified_gmt":"2023-12-05T15:27:29","slug":"benvenuti-in-casa-heberart-guest-house-sistina","status":"publish","type":"page","link":"https:\/\/www.casaheberart.com\/en\/welcome-to-casa-heberart-guest-house-sistina\/","title":{"rendered":"Benvenuti in Casa Heberart Guest House Sistina"},"content":{"rendered":"[vc_row full_width=&#8221;stretch_row_content_no_spaces&#8221;][vc_column]\n<div id=\"rev_slider_42_2_wrapper\" class=\"rev_slider_wrapper fullwidthbanner-container\" data-source=\"gallery\" style=\"margin:0px auto;background:transparent;padding:0px;margin-top:0px;margin-bottom:0px;\">\n<!-- START REVOLUTION SLIDER 5.4.7.4 fullwidth mode -->\n\t<div id=\"rev_slider_42_2\" class=\"rev_slider fullwidthabanner\" style=\"display:none;\" data-version=\"5.4.7.4\">\n<ul>\t<!-- SLIDE  -->\n\t<li data-index=\"rs-118\" data-transition=\"fade\" data-slotamount=\"default\" data-hideafterloop=\"0\" data-hideslideonmobile=\"off\"  data-easein=\"default\" data-easeout=\"default\" data-masterspeed=\"300\"  data-rotate=\"0\"  data-saveperformance=\"off\"  data-title=\"Slide\" data-param1=\"\" data-param2=\"\" data-param3=\"\" data-param4=\"\" data-param5=\"\" data-param6=\"\" data-param7=\"\" data-param8=\"\" data-param9=\"\" data-param10=\"\" data-description=\"\">\n\t\t<!-- MAIN IMAGE -->\n\t\t<img src=\"https:\/\/www.casaheberart.com\/wp-content\/uploads\/2018\/01\/dove-siamo-3.jpg\"  alt=\"\" title=\"dove-siamo-3\"  width=\"1700\" height=\"600\" data-bgposition=\"center center\" data-bgfit=\"cover\" data-bgrepeat=\"no-repeat\" class=\"rev-slidebg\" data-no-retina>\n\t\t<!-- LAYERS -->\n\t<\/li>\n<\/ul>\n<div class=\"tp-bannertimer tp-bottom\" style=\"visibility: hidden !important;\"><\/div>\t<\/div>\n<script>var htmlDiv = document.getElementById(\"rs-plugin-settings-inline-css\"); var htmlDivCss=\"\";\r\r\t\t\t\tif(htmlDiv) {\r\r\t\t\t\t\thtmlDiv.innerHTML = htmlDiv.innerHTML + htmlDivCss;\r\r\t\t\t\t}else{\r\r\t\t\t\t\tvar htmlDiv = document.createElement(\"div\");\r\r\t\t\t\t\thtmlDiv.innerHTML = \"<style>\" + htmlDivCss + \"<\/style>\";\r\r\t\t\t\t\tdocument.getElementsByTagName(\"head\")[0].appendChild(htmlDiv.childNodes[0]);\r\r\t\t\t\t}\r\r\t\t\t<\/script>\n\r\t\t<script type=\"text\/javascript\">\r\r\rif (setREVStartSize!==undefined) setREVStartSize(\r\r\t{c: '#rev_slider_42_2', gridwidth: [1700], gridheight: [600], sliderLayout: 'fullwidth'});\r\r\t\t\t\r\r\rvar revapi42,\r\r\ttpj;\t\r\r(function() {\t\t\t\r\r\tif (!\/loaded|interactive|complete\/.test(document.readyState)) document.addEventListener(\"DOMContentLoaded\",onLoad); else onLoad();\t\r\r\tfunction onLoad() {\t\t\t\t\r\r\t\tif (tpj===undefined) { tpj = jQuery; if(\"off\" == \"on\") tpj.noConflict();}\r\r\tif(tpj(\"#rev_slider_42_2\").revolution == undefined){\n\t\trevslider_showDoubleJqueryError(\"#rev_slider_42_2\");\n\t}else{\n\t\trevapi42 = tpj(\"#rev_slider_42_2\").show().revolution({\n\t\t\tsliderType:\"standard\",\n\t\t\tjsFileLocation:\"\/\/www.casaheberart.com\/wp-content\/plugins\/revslider\/public\/assets\/js\/\",\n\t\t\tsliderLayout:\"fullwidth\",\n\t\t\tdottedOverlay:\"none\",\n\t\t\tdelay:9000,\n\t\t\tnavigation: {\n\t\t\t\tonHoverStop:\"off\",\n\t\t\t},\n\t\t\tvisibilityLevels:[1240,1024,778,480],\n\t\t\tgridwidth:1700,\n\t\t\tgridheight:600,\n\t\t\tlazyType:\"none\",\n\t\t\tshadow:0,\n\t\t\tspinner:\"spinner0\",\n\t\t\tstopLoop:\"off\",\n\t\t\tstopAfterLoops:-1,\n\t\t\tstopAtSlide:-1,\n\t\t\tshuffle:\"off\",\n\t\t\tautoHeight:\"off\",\n\t\t\tdisableProgressBar:\"on\",\n\t\t\thideThumbsOnMobile:\"off\",\n\t\t\thideSliderAtLimit:0,\n\t\t\thideCaptionAtLimit:0,\n\t\t\thideAllCaptionAtLilmit:0,\n\t\t\tdebugMode:false,\n\t\t\tfallbacks: {\n\t\t\t\tsimplifyAll:\"off\",\n\t\t\t\tnextSlideOnWindowFocus:\"off\",\n\t\t\t\tdisableFocusListener:false,\n\t\t\t}\n\t\t});\n\t}; \/* END OF revapi call *\/\n\t\n\r }; \/* END OF ON LOAD FUNCTION *\/\r\r}()); \/* END OF WRAPPING FUNCTION *\/\r\r<\/script>\r\r\t\t<\/div><!-- END REVOLUTION SLIDER -->[\/vc_column][\/vc_row][vc_row][vc_column][vc_empty_space][vc_custom_heading text=&#8221;Welcome to Casa Heberart Guest House Sistina&#8221; font_container=&#8221;tag:h1|text_align:center&#8221; use_theme_fonts=&#8221;yes&#8221;][vc_empty_space height=&#8221;15px&#8221;][vc_custom_heading text=&#8221;Please find below some tips and suggestions for your stay&#8221; use_theme_fonts=&#8221;yes&#8221;][vc_empty_space height=&#8221;55px&#8221;][\/vc_column][\/vc_row][vc_row][vc_column width=&#8221;1\/6&#8243;][vc_empty_space][vc_single_image image=&#8221;2721&#8243; img_size=&#8221;full&#8221; alignment=&#8221;center&#8221; css=&#8221;.vc_custom_1647343996080{padding-right: 20px !important;}&#8221;][\/vc_column][vc_column width=&#8221;5\/6&#8243;][vc_custom_heading text=&#8221;GETTING AROUND&#8221; font_container=&#8221;tag:h3|text_align:left&#8221; use_theme_fonts=&#8221;yes&#8221;][vc_column_text]You are 5\u2019 away from Spanish steps, Trevi Fountain, Piazza Navona, Campo de\u2019 Fiori and Trastevere within walking distance.\r\nTO GET TO COLOSSEUM &#8211; bus line 85, get it on Via del Tritone, the big slope going down from Piazza Barberini\r\nVATICAN MUSEUMS &#8211; take metro line A at Barberini station in Barberini square and get off at Ottaviano.\r\n\r\nPlease help yourself, there are maps in the corridor on the table.[\/vc_column_text][vc_empty_space][\/vc_column][\/vc_row][vc_row][vc_column width=&#8221;1\/6&#8243;][vc_empty_space][vc_single_image image=&#8221;2724&#8243; img_size=&#8221;full&#8221; alignment=&#8221;center&#8221; css=&#8221;.vc_custom_1647344040977{padding-right: 20px !important;}&#8221;][\/vc_column][vc_column width=&#8221;5\/6&#8243;][vc_custom_heading text=&#8221;BUS AND METRO TICKETS&#8221; font_container=&#8221;tag:h3|text_align:left&#8221; use_theme_fonts=&#8221;yes&#8221;][vc_column_text]Bus and metro tickets (same for both) are sold in the metro stations at the machines for 1.50 \u20ac.\r\n\r\nBeware of pickpocketers.\r\n\r\n[\/vc_column_text][vc_empty_space][\/vc_column][\/vc_row][vc_row][vc_column width=&#8221;1\/6&#8243;][vc_empty_space][vc_single_image image=&#8221;2726&#8243; img_size=&#8221;full&#8221; alignment=&#8221;center&#8221; css=&#8221;.vc_custom_1647344062205{padding-right: 20px !important;}&#8221;][\/vc_column][vc_column width=&#8221;5\/6&#8243;][vc_custom_heading text=&#8221;RESTAURANTS&#8221; font_container=&#8221;tag:h3|text_align:left&#8221; use_theme_fonts=&#8221;yes&#8221;][vc_column_text]\u201cOsteria Barberini\u201d in Via della Purificazione, reservation preferred\r\n\u201cOtello alla Concordia\u201d and \u201cFraschetteria Beltramme\u201d in Via della Croce\r\n\u201cNonna Betta\u201d and \u201cGigetto\u201d restaurants in Jewish Ghetto\r\n&#8220;That&#8217;s Amore&#8221;, at 115, Via in Arcione\r\nGood restaurants also in Trastevere[\/vc_column_text][vc_empty_space][\/vc_column][\/vc_row][vc_row][vc_column width=&#8221;1\/6&#8243;][vc_empty_space][vc_single_image image=&#8221;2729&#8243; img_size=&#8221;full&#8221; alignment=&#8221;center&#8221; css=&#8221;.vc_custom_1647344072032{padding-right: 20px !important;}&#8221;][\/vc_column][vc_column width=&#8221;5\/6&#8243;][vc_custom_heading text=&#8221;SUPERMARKETS&#8221; font_container=&#8221;tag:h3|text_align:left&#8221; use_theme_fonts=&#8221;yes&#8221;][vc_column_text]Convenience shop\/mini-market in Via Sistina, 146\r\n\r\nCarrefour Supermarket next to Piazza Barberini, beginning of Via Veneto\r\nInCoop Supermarket, in Via del Traforo (next to Largo Tritone)[\/vc_column_text][vc_empty_space][\/vc_column][\/vc_row][vc_row][vc_column width=&#8221;1\/6&#8243;][vc_empty_space][vc_single_image image=&#8221;2731&#8243; img_size=&#8221;full&#8221; alignment=&#8221;center&#8221; css=&#8221;.vc_custom_1647344085071{padding-right: 20px !important;}&#8221;][\/vc_column][vc_column width=&#8221;5\/6&#8243;][vc_custom_heading text=&#8221;BARS FOR BREAKFAST OR DRINKS&#8221; font_container=&#8221;tag:h3|text_align:left&#8221; use_theme_fonts=&#8221;yes&#8221;][vc_column_text]&#8221;Bernini Gusto&#8221;, in Piazza Barberini\r\nBar \u201cAl Sipario\u201d in Via Sistina, 146[\/vc_column_text][vc_empty_space][\/vc_column][\/vc_row][vc_row][vc_column width=&#8221;1\/6&#8243;][vc_empty_space][vc_single_image image=&#8221;2733&#8243; img_size=&#8221;full&#8221; alignment=&#8221;center&#8221; css=&#8221;.vc_custom_1647344094750{padding-right: 20px !important;}&#8221;][\/vc_column][vc_column width=&#8221;5\/6&#8243;][vc_custom_heading text=&#8221;LAUNDRY&#8221; font_container=&#8221;tag:h3|text_align:left&#8221; use_theme_fonts=&#8221;yes&#8221;][vc_column_text]<em>Target Laundry<\/em> at 49, Via Rasella[\/vc_column_text][vc_empty_space][\/vc_column][\/vc_row][vc_row][vc_column width=&#8221;1\/6&#8243;][vc_empty_space][vc_single_image image=&#8221;2739&#8243; img_size=&#8221;full&#8221; alignment=&#8221;center&#8221; css=&#8221;.vc_custom_1647344770854{padding-right: 20px !important;}&#8221;][\/vc_column][vc_column width=&#8221;5\/6&#8243;][vc_custom_heading text=&#8221;ROMAN EVENINGS&#8221; font_container=&#8221;tag:h3|text_align:left&#8221; use_theme_fonts=&#8221;yes&#8221;][vc_column_text]Start your walking tour from Campo de\u2019 Fiori, continue onto Ponte Sisto, Piazza Trilussa and Trastevere.\r\nOr\r\nGet an aperitive and dinner in Monti neighborhood, have a walk to Colosseum and all the light up area of the Imperial Fora, till Piazza Venezia.[\/vc_column_text][vc_empty_space][\/vc_column][\/vc_row][vc_row disable_element=&#8221;yes&#8221;][vc_column width=&#8221;1\/6&#8243;][vc_empty_space][vc_single_image image=&#8221;2877&#8243; img_size=&#8221;full&#8221; alignment=&#8221;center&#8221; css=&#8221;.vc_custom_1655119680137{padding-right: 20px !important;}&#8221;][\/vc_column][vc_column width=&#8221;5\/6&#8243;][vc_custom_heading text=&#8221;COVID Test \u2013 Rapid and PCR&#8221; font_container=&#8221;tag:h3|text_align:left&#8221; use_theme_fonts=&#8221;yes&#8221;][vc_column_text]Farmacia Internazionale Barberini \u2013 only rapid: in piazza Barberini, 49, Monday through Sunday. No waiting time\r\n\r\nBios San Giovanni \u2013 rapid and PCR upon appointment: in Via Magna Grecia 117, Monday through Saturday\r\n\r\nFiumicino airport, Terminal 3, test area. Open every day. WAITING TIME 4-5 hours.\u00a0<a href=\"https:\/\/www.adr.it\/web\/aeroporti-di-roma-en\/test-areas-at-the-airport?p_p_id=it_txt_adr_cookiepolicy_web_portlet_AdrCookiePolicyBannerPortlet&amp;p_p_lifecycle=0&amp;p_p_state=normal&amp;p_p_mode=view\">https:\/\/www.adr.it\/web\/aeroporti-di-roma-en\/test-areas-at-the-airport?p_p_id=it_txt_adr_cookiepolicy_web_portlet_AdrCookiePolicyBannerPortlet&amp;p_p_lifecycle=0&amp;p_p_state=normal&amp;p_p_mode=view<\/a>[\/vc_column_text][vc_empty_space][\/vc_column][\/vc_row][vc_row][vc_column width=&#8221;1\/6&#8243;][vc_empty_space][vc_single_image image=&#8221;2741&#8243; img_size=&#8221;full&#8221; alignment=&#8221;center&#8221; css=&#8221;.vc_custom_1647345191312{padding-right: 20px !important;}&#8221;][\/vc_column][vc_column width=&#8221;5\/6&#8243;][vc_custom_heading text=&#8221;INFORMATIONS&#8221; font_container=&#8221;tag:h3|text_align:left&#8221; use_theme_fonts=&#8221;yes&#8221;][vc_column_text]For further assistance you can contact or whatsapp us at this number: +39 327 7366473\r\n\r\n<strong>Have a nice stay!<\/strong>[\/vc_column_text][vc_empty_space][vc_empty_space][\/vc_column][\/vc_row][vc_row full_width=&#8221;stretch_row&#8221; el_id=&#8221;custom-contact-frm&#8221; enable_overlay=&#8221;true&#8221; css=&#8221;.vc_custom_1523282786564{margin-top: 30px !important;background-image: url(http:\/\/www.casaheberart.com\/wp-content\/uploads\/2018\/04\/cont-bg.jpg?id=2241) !important;background-position: center !important;background-repeat: no-repeat !important;background-size: cover !important;}&#8221;][vc_column css=&#8221;.vc_custom_1523282804819{margin-top: 20px !important;margin-bottom: 20px !important;padding-top: 20px !important;padding-right: 20px !important;padding-bottom: 20px !important;padding-left: 20px !important;background-color: rgba(255,255,255,0.85) !important;*background-color: rgb(255,255,255) !important;}&#8221;][vc_column_text]\r\n<p style=\"text-align: center;\">To contact us, simply fill out the following form, we\u2019ll get back to you just as soon as we can!\r\nAlternatively, you can write to us at <a href=\"mailto:info@casaheberart.com\">info@casaheberart.com<\/a>.<\/p>\r\n[\/vc_column_text]<div role=\"form\" class=\"wpcf7\" id=\"wpcf7-f147-o2\" lang=\"it-IT\" dir=\"ltr\">\n<div class=\"screen-reader-response\"><p role=\"status\" aria-live=\"polite\" aria-atomic=\"true\"><\/p> <ul><\/ul><\/div>\n<form action=\"\/en\/wp-json\/wp\/v2\/pages\/2753#wpcf7-f147-o2\" method=\"post\" class=\"wpcf7-form init\" novalidate=\"novalidate\" data-status=\"init\">\n<div style=\"display: none;\">\n<input type=\"hidden\" name=\"_wpcf7\" value=\"147\" \/>\n<input type=\"hidden\" name=\"_wpcf7_version\" value=\"5.5.6\" \/>\n<input type=\"hidden\" name=\"_wpcf7_locale\" value=\"it_IT\" \/>\n<input type=\"hidden\" name=\"_wpcf7_unit_tag\" value=\"wpcf7-f147-o2\" \/>\n<input type=\"hidden\" name=\"_wpcf7_container_post\" value=\"0\" \/>\n<input type=\"hidden\" name=\"_wpcf7_posted_data_hash\" value=\"\" \/>\n<\/div>\n<div class=\"contact-form\">\n<div class=\"row\">\n<div class=\"clearfix\">\n<div class=\"col-sm-6\"><i class=\"fa fa-user\"><\/i><span class=\"wpcf7-form-control-wrap your-name\"><input type=\"text\" name=\"your-name\" value=\"\" size=\"40\" class=\"wpcf7-form-control wpcf7-text wpcf7-validates-as-required field-text\" aria-required=\"true\" aria-invalid=\"false\" placeholder=\"Name*\" \/><\/span><\/div>\n<div class=\"col-sm-6\"><i class=\"fa fa-user\"><\/i><span class=\"wpcf7-form-control-wrap your-surname\"><input type=\"text\" name=\"your-surname\" value=\"\" size=\"40\" class=\"wpcf7-form-control wpcf7-text wpcf7-validates-as-required field-text\" aria-required=\"true\" aria-invalid=\"false\" placeholder=\"Surname*\" \/><\/span><\/div>\n<\/div>\n<div class=\"clearfix\">\n<div class=\"col-sm-6\"><i class=\"fa fa-phone\"><\/i><span class=\"wpcf7-form-control-wrap your-tel\"><input type=\"tel\" name=\"your-tel\" value=\"\" size=\"40\" class=\"wpcf7-form-control wpcf7-text wpcf7-tel wpcf7-validates-as-required wpcf7-validates-as-tel field-text\" aria-required=\"true\" aria-invalid=\"false\" placeholder=\"Telephone*\" \/><\/span><\/div>\n<div class=\"col-sm-6\"><i class=\"fa fa-envelope\"><\/i><span class=\"wpcf7-form-control-wrap your-email\"><input type=\"email\" name=\"your-email\" value=\"\" size=\"40\" class=\"wpcf7-form-control wpcf7-text wpcf7-email wpcf7-validates-as-required wpcf7-validates-as-email field-text\" aria-required=\"true\" aria-invalid=\"false\" placeholder=\"Email*\" \/><\/span><\/div>\n<\/div>\n<div class=\"col-sm-12\"><i class=\"fa fa-edit\"><\/i><span class=\"wpcf7-form-control-wrap your-message\"><textarea name=\"your-message\" cols=\"40\" rows=\"10\" class=\"wpcf7-form-control wpcf7-textarea wpcf7-validates-as-required field-textarea\" aria-required=\"true\" aria-invalid=\"false\" placeholder=\"Message*\"><\/textarea><\/span><\/div>\n<div class=\"col-sm-12\">\n\t\t\t<span class=\"wpcf7-form-control-wrap checkbox-terms\"><span class=\"wpcf7-form-control wpcf7-checkbox wpcf7-validates-as-required wpcf7-exclusive-checkbox\" id=\"psinformativa\"><span class=\"wpcf7-list-item first last\"><input type=\"checkbox\" name=\"checkbox-terms\" value=\"*\" \/><span class=\"wpcf7-list-item-label\">*<\/span><\/span><\/span><\/span>\n\t\t<\/div>\n<div class=\"col-sm-6\">\n\t\t\t<input type=\"submit\" value=\"SEND\" class=\"wpcf7-form-control has-spinner wpcf7-submit ev-cont-it btn-gold\" \/>\n\t\t<\/div>\n<div class=\"col-sm-12\">\n<div class=\"wpcf7-response-output\" aria-hidden=\"true\"><\/div>\n<\/div>\n<\/div>\n<\/div>\n<p><script src=\"https:\/\/servizi.promoservice.com\/gdpr\/1.0\/js\/ps-gdpr-lib.js\"><\/script><br \/>\n<script src=\"https:\/\/servizi.promoservice.com\/gdpr\/1.0\/js\/ps-gdpr-init.js\" data-customer=\"casaheberart\" data-lang=\"en\" data-type=\"informativa\"><\/script><\/p>\n<\/form><\/div>[\/vc_column][\/vc_row]","protected":false},"excerpt":{"rendered":"[vc_row full_width=&#8221;stretch_row_content_no_spaces&#8221;][vc_column][\/vc_column][\/vc_row][vc_row][vc_column][vc_empty_space][vc_custom_heading text=&#8221;Welcome to Casa Heberart Guest House Sistina&#8221; font_container=&#8221;tag:h1|text_align:center&#8221; use_theme_fonts=&#8221;yes&#8221;][vc_empty_space height=&#8221;15px&#8221;][vc_custom_heading text=&#8221;Please find below some tips and suggestions for your stay&#8221; use_theme_fonts=&#8221;yes&#8221;][vc_empty_space height=&#8221;55px&#8221;][\/vc_column][\/vc_row][vc_row][vc_column width=&#8221;1\/6&#8243;][vc_empty_space][vc_single_image image=&#8221;2721&#8243; img_size=&#8221;full&#8221; alignment=&#8221;center&#8221; css=&#8221;.vc_custom_1647343996080{padding-right: 20px !important;}&#8221;][\/vc_column][vc_column width=&#8221;5\/6&#8243;][vc_custom_heading text=&#8221;GETTING AROUND&#8221; font_container=&#8221;tag:h3|text_align:left&#8221; use_theme_fonts=&#8221;yes&#8221;][vc_column_text]You are 5\u2019 away from Spanish steps, Trevi Fountain, Piazza Navona, Campo de\u2019 Fiori and Trastevere within walking distance. TO [&hellip;]","protected":false},"author":17,"featured_media":0,"parent":0,"menu_order":0,"comment_status":"closed","ping_status":"closed","template":"","meta":[],"yoast_head":"<!-- This site is optimized with the Yoast SEO plugin v18.3 - https:\/\/yoast.com\/wordpress\/plugins\/seo\/ -->\n<title>Welcome to Casa Heberart Guest House SistinaWelcome to Casa Heberart Guest House SistinaWelcome to Casa Heberart Guest House Sistina<\/title>\n<meta name=\"description\" content=\"Rome is a fascinating city, but also chaotic and noisy. Casa Heberart offers you tips and advice for your your holidays in Rome\" \/>\n<meta name=\"robots\" content=\"index, follow, max-snippet:-1, max-image-preview:large, max-video-preview:-1\" \/>\n<link rel=\"canonical\" href=\"https:\/\/www.casaheberart.com\/it\/benvenuti-in-casa-heberart-guest-house-sistina\/\" \/>\n<meta property=\"og:locale\" content=\"en_US\" \/>\n<meta property=\"og:type\" content=\"article\" \/>\n<meta property=\"og:title\" content=\"[:it]Benvenuti in Casa Heberart Guest House SistinaBenvenuti in Casa Heberart Guest House SistinaBenvenuti in Casa Heberart Guest House Sistina[:en]Welcome to Casa Heberart Guest House SistinaWelcome to Casa Heberart Guest House SistinaWelcome to Casa Heberart Guest House Sistina[:de]Welcome to Casa Heberart Guest House Sistina[:fr]Bienvenue \u00e0 Casa Heberart Guest House Sistina[:]\" \/>\n<meta property=\"og:description\" content=\"{:it}Roma \u00e8 una citt\u00e0 affascinante, ma anche caotica e rumorosa. Casa Heberart vi offre suggerimenti e consigli per il Vostro soggiorno a Roma{:en}Rome is a fascinating city, but also chaotic and noisy. Casa Heberart offers you tips and advice for your your holidays in Rome{:}\" \/>\n<meta property=\"og:url\" content=\"https:\/\/www.casaheberart.com\/it\/benvenuti-in-casa-heberart-guest-house-sistina\/\" \/>\n<meta property=\"og:site_name\" content=\"Heberart House\" \/>\n<meta property=\"article:modified_time\" content=\"2023-12-05T15:27:29+00:00\" \/>\n<meta name=\"twitter:card\" content=\"summary\" \/>\n<meta name=\"twitter:label1\" content=\"Est. reading time\" \/>\n\t<meta name=\"twitter:data1\" content=\"3 minutes\" \/>\n<script type=\"application\/ld+json\" class=\"yoast-schema-graph\">{\"@context\":\"https:\/\/schema.org\",\"@graph\":[{\"@type\":\"WebSite\",\"@id\":\"https:\/\/www.casaheberart.com\/it\/#website\",\"url\":\"https:\/\/www.casaheberart.com\/it\/\",\"name\":\"Heberart House\",\"description\":\"ROMA\",\"potentialAction\":[{\"@type\":\"SearchAction\",\"target\":{\"@type\":\"EntryPoint\",\"urlTemplate\":\"https:\/\/www.casaheberart.com\/it\/?s={search_term_string}\"},\"query-input\":\"required name=search_term_string\"}],\"inLanguage\":\"en-US\"},{\"@type\":\"WebPage\",\"@id\":\"https:\/\/www.casaheberart.com\/it\/benvenuti-in-casa-heberart-guest-house-sistina\/#webpage\",\"url\":\"https:\/\/www.casaheberart.com\/it\/benvenuti-in-casa-heberart-guest-house-sistina\/\",\"name\":\"[:it]Benvenuti in Casa Heberart Guest House SistinaBenvenuti in Casa Heberart Guest House SistinaBenvenuti in Casa Heberart Guest House Sistina[:en]Welcome to Casa Heberart Guest House SistinaWelcome to Casa Heberart Guest House SistinaWelcome to Casa Heberart Guest House Sistina[:de]Welcome to Casa Heberart Guest House Sistina[:fr]Bienvenue \u00e0 Casa Heberart Guest House Sistina[:]\",\"isPartOf\":{\"@id\":\"https:\/\/www.casaheberart.com\/it\/#website\"},\"datePublished\":\"2022-03-16T10:34:59+00:00\",\"dateModified\":\"2023-12-05T15:27:29+00:00\",\"description\":\"{:it}Roma \u00e8 una citt\u00e0 affascinante, ma anche caotica e rumorosa. Casa Heberart vi offre suggerimenti e consigli per il Vostro soggiorno a Roma{:en}Rome is a fascinating city, but also chaotic and noisy. Casa Heberart offers you tips and advice for your your holidays in Rome{:}\",\"breadcrumb\":{\"@id\":\"https:\/\/www.casaheberart.com\/it\/benvenuti-in-casa-heberart-guest-house-sistina\/#breadcrumb\"},\"inLanguage\":\"en-US\",\"potentialAction\":[{\"@type\":\"ReadAction\",\"target\":[\"https:\/\/www.casaheberart.com\/it\/benvenuti-in-casa-heberart-guest-house-sistina\/\"]}]},{\"@type\":\"BreadcrumbList\",\"@id\":\"https:\/\/www.casaheberart.com\/it\/benvenuti-in-casa-heberart-guest-house-sistina\/#breadcrumb\",\"itemListElement\":[{\"@type\":\"ListItem\",\"position\":1,\"name\":\"Home\",\"item\":\"https:\/\/www.casaheberart.com\/it\/\"},{\"@type\":\"ListItem\",\"position\":2,\"name\":\"Benvenuti in Casa Heberart Guest House Sistina\"}]}]}<\/script>\n<!-- \/ Yoast SEO plugin. -->","yoast_head_json":{"title":"Welcome to Casa Heberart Guest House SistinaWelcome to Casa Heberart Guest House SistinaWelcome to Casa Heberart Guest House Sistina","description":"Rome is a fascinating city, but also chaotic and noisy. Casa Heberart offers you tips and advice for your your holidays in Rome","robots":{"index":"index","follow":"follow","max-snippet":"max-snippet:-1","max-image-preview":"max-image-preview:large","max-video-preview":"max-video-preview:-1"},"canonical":"https:\/\/www.casaheberart.com\/it\/benvenuti-in-casa-heberart-guest-house-sistina\/","og_locale":"en_US","og_type":"article","og_title":"[:it]Benvenuti in Casa Heberart Guest House SistinaBenvenuti in Casa Heberart Guest House SistinaBenvenuti in Casa Heberart Guest House Sistina[:en]Welcome to Casa Heberart Guest House SistinaWelcome to Casa Heberart Guest House SistinaWelcome to Casa Heberart Guest House Sistina[:de]Welcome to Casa Heberart Guest House Sistina[:fr]Bienvenue \u00e0 Casa Heberart Guest House Sistina[:]","og_description":"{:it}Roma \u00e8 una citt\u00e0 affascinante, ma anche caotica e rumorosa. Casa Heberart vi offre suggerimenti e consigli per il Vostro soggiorno a Roma{:en}Rome is a fascinating city, but also chaotic and noisy. Casa Heberart offers you tips and advice for your your holidays in Rome{:}","og_url":"https:\/\/www.casaheberart.com\/it\/benvenuti-in-casa-heberart-guest-house-sistina\/","og_site_name":"Heberart House","article_modified_time":"2023-12-05T15:27:29+00:00","twitter_card":"summary","twitter_misc":{"Est. reading time":"3 minutes"},"schema":{"@context":"https:\/\/schema.org","@graph":[{"@type":"WebSite","@id":"https:\/\/www.casaheberart.com\/it\/#website","url":"https:\/\/www.casaheberart.com\/it\/","name":"Heberart House","description":"ROMA","potentialAction":[{"@type":"SearchAction","target":{"@type":"EntryPoint","urlTemplate":"https:\/\/www.casaheberart.com\/it\/?s={search_term_string}"},"query-input":"required name=search_term_string"}],"inLanguage":"en-US"},{"@type":"WebPage","@id":"https:\/\/www.casaheberart.com\/it\/benvenuti-in-casa-heberart-guest-house-sistina\/#webpage","url":"https:\/\/www.casaheberart.com\/it\/benvenuti-in-casa-heberart-guest-house-sistina\/","name":"[:it]Benvenuti in Casa Heberart Guest House SistinaBenvenuti in Casa Heberart Guest House SistinaBenvenuti in Casa Heberart Guest House Sistina[:en]Welcome to Casa Heberart Guest House SistinaWelcome to Casa Heberart Guest House SistinaWelcome to Casa Heberart Guest House Sistina[:de]Welcome to Casa Heberart Guest House Sistina[:fr]Bienvenue \u00e0 Casa Heberart Guest House Sistina[:]","isPartOf":{"@id":"https:\/\/www.casaheberart.com\/it\/#website"},"datePublished":"2022-03-16T10:34:59+00:00","dateModified":"2023-12-05T15:27:29+00:00","description":"{:it}Roma \u00e8 una citt\u00e0 affascinante, ma anche caotica e rumorosa. Casa Heberart vi offre suggerimenti e consigli per il Vostro soggiorno a Roma{:en}Rome is a fascinating city, but also chaotic and noisy. Casa Heberart offers you tips and advice for your your holidays in Rome{:}","breadcrumb":{"@id":"https:\/\/www.casaheberart.com\/it\/benvenuti-in-casa-heberart-guest-house-sistina\/#breadcrumb"},"inLanguage":"en-US","potentialAction":[{"@type":"ReadAction","target":["https:\/\/www.casaheberart.com\/it\/benvenuti-in-casa-heberart-guest-house-sistina\/"]}]},{"@type":"BreadcrumbList","@id":"https:\/\/www.casaheberart.com\/it\/benvenuti-in-casa-heberart-guest-house-sistina\/#breadcrumb","itemListElement":[{"@type":"ListItem","position":1,"name":"Home","item":"https:\/\/www.casaheberart.com\/it\/"},{"@type":"ListItem","position":2,"name":"Benvenuti in Casa Heberart Guest House Sistina"}]}]}},"_links":{"self":[{"href":"https:\/\/www.casaheberart.com\/en\/wp-json\/wp\/v2\/pages\/2753"}],"collection":[{"href":"https:\/\/www.casaheberart.com\/en\/wp-json\/wp\/v2\/pages"}],"about":[{"href":"https:\/\/www.casaheberart.com\/en\/wp-json\/wp\/v2\/types\/page"}],"author":[{"embeddable":true,"href":"https:\/\/www.casaheberart.com\/en\/wp-json\/wp\/v2\/users\/17"}],"replies":[{"embeddable":true,"href":"https:\/\/www.casaheberart.com\/en\/wp-json\/wp\/v2\/comments?post=2753"}],"version-history":[{"count":35,"href":"https:\/\/www.casaheberart.com\/en\/wp-json\/wp\/v2\/pages\/2753\/revisions"}],"predecessor-version":[{"id":2932,"href":"https:\/\/www.casaheberart.com\/en\/wp-json\/wp\/v2\/pages\/2753\/revisions\/2932"}],"wp:attachment":[{"href":"https:\/\/www.casaheberart.com\/en\/wp-json\/wp\/v2\/media?parent=2753"}],"curies":[{"name":"wp","href":"https:\/\/api.w.org\/{rel}","templated":true}]}}