

{"id":2,"date":"2016-11-03T16:24:16","date_gmt":"2016-11-03T15:24:16","guid":{"rendered":"http:\/\/holidaytorbole.it\/?page_id=2"},"modified":"2020-06-26T15:28:23","modified_gmt":"2020-06-26T13:28:23","slug":"home","status":"publish","type":"page","link":"https:\/\/www.casaheberart.com\/de\/","title":{"rendered":"Home"},"content":{"rendered":"<p>[vc_row full_width=&#8220;stretch_row_content&#8220; css=&#8220;.vc_custom_1593178096420{margin-top: 0px !important;margin-bottom: 0px !important;border-top-width: 0px !important;border-bottom-width: 0px !important;padding-top: 0px !important;padding-bottom: 0px !important;background-color: #003581 !important;}&#8220;][vc_column width=&#8220;1\/6&#8243; css=&#8220;.vc_custom_1567786118343{margin-top: 0px !important;border-top-width: 0px !important;padding-top: 0px !important;}&#8220;][\/vc_column][vc_column width=&#8220;2\/3&#8243;][vc_raw_html css=&#8220;.vc_custom_1567786526757{margin-top: 0px !important;border-top-width: 0px !important;padding-top: 0px !important;}&#8220;]JTNDc2NyaXB0JTIwdHlwZSUzRCUyMnRleHQlMkZqYXZhc2NyaXB0JTIyJTIwc3JjJTNEJTIyaHR0cHMlM0ElMkYlMkZyZXN4Lm9jdG9yYXRlLmNvbSUyRm9jdG9ib29rJTJGcmVzb3VyY2VzJTJGd2lkZ2V0JTJGanMlMkZmb3JtLmpzJTIyJTIwZGF0YS1zaXRla2V5JTNEJTIyNmYxMmM3NWY0M2FiNGJmYTlkMTQ1ZmEwMmY0NmI5OTUlMjIlM0UlM0MlMkZzY3JpcHQlM0UlMEElMEE=[\/vc_raw_html][\/vc_column][vc_column width=&#8220;1\/6&#8243;][\/vc_column][\/vc_row][vc_row full_width=&#8220;stretch_row&#8220;][vc_column][vc_row_inner el_class=&#8220;container&#8220;][vc_column_inner css=&#8220;.vc_custom_1495618990881{margin-top: 50px !important;}&#8220;][vc_custom_heading text=&#8220;Casa Heberart hei\u00dft Sie willkommen,&#8220; font_container=&#8220;tag:h1|text_align:center|color:%23252c44&#8243; use_theme_fonts=&#8220;yes&#8220; css=&#8220;.vc_custom_1593172447089{margin-bottom: 20px !important;}&#8220;][vc_column_text]<\/p>\r\n<p style=\"text-align: center;\">und bietet Ihnen die M\u00f6glichkeit, im historischen Zentrum, nur wenige Meter von der Spanischen Treppe und dem Trevi-Brunnen und nur einen Steinwurf von den U-Bahn-Stationen &#8222;Barberini&#8220; und &#8222;Spagna&#8220; entfernt, an den Orten von La Dolce Vita zu \u00fcbernachten. Wenn Sie f\u00fcr Tourismus, Spa\u00df oder Arbeit reisen, bieten unsere beiden G\u00e4steh\u00e4user einen idealen Standort f\u00fcr die N\u00e4he zu interessanten Kulturst\u00e4tten, Einkaufsstra\u00dfen und sogar vielen B\u00fcros. Das Gebiet, in dem wir uns befinden, ist mit dem Transportmittel sehr gut verbunden. Wenn Sie einfach nur in der Umgebung spazieren gehen m\u00f6chten, haben Sie die M\u00f6glichkeit, ein Freilichtmuseum zu bewundern. Die beiden urspr\u00fcnglich als &#8222;Casa Howard&#8220; bekannten Geb\u00e4ude wurden im Jahr 2000 geboren, als die R\u00e4umlichkeiten von zwei Unternehmern aus Rom \u00fcbernommen und direkt in ein G\u00e4stehaus umgewandelt wurden. 2017 wechselt die Gesch\u00e4ftsf\u00fchrung, die beiden H\u00e4user werden Eigentum der &#8222;Heberarts&#8220; und bewahren den gleichen Geist des Willkommens, der Intimit\u00e4t und der Exklusivit\u00e4t, der die urspr\u00fcngliche Vision ihrer Gr\u00fcnder gepr\u00e4gt hat.<\/p>\r\n<p>[\/vc_column_text][\/vc_column_inner][\/vc_row_inner][vc_row_inner el_class=&#8220;container&#8220;][vc_column_inner width=&#8220;1\/2&#8243; css=&#8220;.vc_custom_1495618990881{margin-top: 50px !important;}&#8220;][vc_column_text]<\/p>\r\n<p style=\"text-align: left;\"><strong>Unsere Zimmer<\/strong> begr\u00fc\u00dfen Sie mit einem unverwechselbaren Stil. Sie sind komplett mit ma\u00dfgeschneiderten M\u00f6beln, edlen Stoffen, Designartikeln, antiken Gegenst\u00e4nden und exklusiver Handwerkskunst eingerichtet und entsprechen gleichzeitig einer pr\u00e4zisen \u00e4sthetischen, vielseitigen und harmonischen Philosophie. Jedes Zimmer unterscheidet sich in Farben, Mustern und Stoffen von den anderen und bietet jedem Gast eine einzigartige und pers\u00f6nliche Behandlung. Sie sind alle mit einem Flachbild-TV, einem kostenlosen Set, einem Haartrockner, einem Wasserkocher und Tassen f\u00fcr Kaffee, Tee und Kr\u00e4utertees ausgestattet. Gratis Wifi.<\/p>\r\n<p>[\/vc_column_text][\/vc_column_inner][vc_column_inner width=&#8220;1\/2&#8243;][vc_single_image image=&#8220;2429&#8243; img_size=&#8220;full&#8220; alignment=&#8220;center&#8220;][\/vc_column_inner][\/vc_row_inner][vc_row_inner el_class=&#8220;container&#8220;][vc_column_inner width=&#8220;1\/2&#8243; css=&#8220;.vc_custom_1495618990881{margin-top: 50px !important;}&#8220;][vc_single_image image=&#8220;2434&#8243; img_size=&#8220;full&#8220; alignment=&#8220;center&#8220;][\/vc_column_inner][vc_column_inner width=&#8220;1\/2&#8243;][vc_column_text]<strong>\u00dcber uns.<\/strong> Wir sind Roberto und Francesca, zwei Gesch\u00e4ftspartner sowie im Privatleben, beide in Rom geboren. Wir sind viel gereist, f\u00fcr Urlaub und Arbeit, und wir haben unsere Aufenthalte gesch\u00e4tzt, um unseren Hospitality-Service anzubieten. Roberto ist Winzer und Sommelier, er arbeitete im Nahen Osten und stellte anschlie\u00dfend seine Professionalit\u00e4t einem Unternehmen im ber\u00fchmten Montalcino zur Verf\u00fcgung, das f\u00fcr sein prestigetr\u00e4chtiges Brunello bekannt ist. Francesca lebt seit 8 Jahren im Ausland und leitet humanit\u00e4re und Entwicklungsprojekte zugunsten der am st\u00e4rksten benachteiligten Bev\u00f6lkerungsgruppen. Er spricht Englisch und Arabisch, liebt es zu reisen und mit verschiedenen Kulturen umzugehen.<br \/>\r\nUnd dann &#8230; gab es den Hinweis auf unsere Wurzeln und wir kehrten mit der Begeisterung nach Hause zur\u00fcck, mit der Begeisterung, etwas &#8222;unser&#8220; zu beginnen und die Erfahrung unserer wundervollen Stadt mit anderen zu teilen. Also kaufen wir 2017 die Aktivit\u00e4ten von zwei G\u00e4steh\u00e4usern im Zentrum von Rom, von denen wir fasziniert sind, und machen uns auf den Weg zu einem neuen Abenteuer. Und hier sind wir bereit, Ihnen zu helfen &#8230; um Sie willkommen zu hei\u00dfen und Ihnen zu helfen, eine Reiseroute zu erstellen, die Ihren Bed\u00fcrfnissen entspricht. Unser Ziel ist es, dass Sie sich wie zu Hause f\u00fchlen und die Stadt als wahre R\u00f6mer erleben.[\/vc_column_text][\/vc_column_inner][\/vc_row_inner][\/vc_column][\/vc_row][vc_row full_width=&#8220;stretch_row&#8220; css=&#8220;.vc_custom_1591695034317{margin-top: 30px !important;margin-bottom: 30px !important;}&#8220; el_class=&#8220;three-boxes&#8220;][vc_column][vc_custom_heading text=&#8220;CASA HEBERART&#8220; font_container=&#8220;tag:h4|text_align:center|color:%23a77282&#8243; use_theme_fonts=&#8220;yes&#8220; css=&#8220;.vc_custom_1495619002506{margin-bottom: 20px !important;}&#8220;][vc_custom_heading text=&#8220;Guest House Sistina&#8220; font_container=&#8220;tag:h1|text_align:center|color:%23252c44&#8243; use_theme_fonts=&#8220;yes&#8220; css=&#8220;.vc_custom_1591694915688{margin-bottom: 20px !important;}&#8220;][vc_row_inner content_placement=&#8220;middle&#8220; el_class=&#8220;container&#8220;][vc_column_inner][vc_single_image image=&#8220;1814&#8243; img_size=&#8220;full&#8220; alignment=&#8220;right&#8220; onclick=&#8220;custom_link&#8220; css=&#8220;.vc_custom_1496063523639{margin-top: 0px !important;margin-right: 0px !important;margin-bottom: 0px !important;margin-left: 0px !important;border-top-width: 0px !important;border-right-width: 0px !important;border-bottom-width: 0px !important;border-left-width: 0px !important;padding-top: 20px !important;padding-right: 0px !important;padding-bottom: 20px !important;padding-left: 0px !important;}&#8220; el_class=&#8220;img img-left&#8220; link=&#8220;\/en\/sistina\/&#8220;][vc_single_image image=&#8220;1815&#8243; img_size=&#8220;full&#8220; alignment=&#8220;center&#8220; onclick=&#8220;custom_link&#8220; css=&#8220;.vc_custom_1496063528466{margin-top: 0px !important;margin-right: 0px !important;margin-bottom: 0px !important;margin-left: 0px !important;border-top-width: 0px !important;border-right-width: 0px !important;border-bottom-width: 0px !important;border-left-width: 0px !important;padding-top: 0px !important;padding-right: 0px !important;padding-bottom: 0px !important;padding-left: 0px !important;}&#8220; el_class=&#8220;img img-center&#8220; link=&#8220;\/en\/sistina\/&#8220;][vc_single_image image=&#8220;1813&#8243; img_size=&#8220;full&#8220; onclick=&#8220;custom_link&#8220; css=&#8220;.vc_custom_1496063534539{margin-top: 0px !important;margin-right: 0px !important;margin-bottom: 0px !important;margin-left: 0px !important;border-top-width: 0px !important;border-right-width: 0px !important;border-bottom-width: 0px !important;border-left-width: 0px !important;padding-top: 20px !important;padding-right: 0px !important;padding-bottom: 20px !important;padding-left: 0px !important;}&#8220; el_class=&#8220;img img-right&#8220; link=&#8220;\/en\/sistina\/&#8220;][\/vc_column_inner][\/vc_row_inner][vc_column_text css=&#8220;.vc_custom_1593177369659{margin-top: 70px !important;margin-bottom: 40px !important;}&#8220;]<\/p>\r\n<p style=\"text-align: center;\"><a class=\"btn-gold\" href=\"\/de\/sistina\/\">MEHR ERFAHREN<\/a><\/p>\r\n<p>[\/vc_column_text][\/vc_column][\/vc_row][vc_row full_width=&#8220;stretch_row&#8220; css=&#8220;.vc_custom_1591697605412{margin-top: 30px !important;margin-bottom: 30px !important;}&#8220; el_class=&#8220;three-boxes&#8220;][vc_column][vc_custom_heading text=&#8220;CASA HEBERART&#8220; font_container=&#8220;tag:h4|text_align:center|color:%23a77282&#8243; use_theme_fonts=&#8220;yes&#8220; css=&#8220;.vc_custom_1495619002506{margin-bottom: 20px !important;}&#8220;][vc_custom_heading text=&#8220;Guest House Capo Le Case&#8220; font_container=&#8220;tag:h1|text_align:center|color:%23252c44&#8243; use_theme_fonts=&#8220;yes&#8220; css=&#8220;.vc_custom_1495619009977{margin-bottom: 20px !important;}&#8220;][vc_row_inner content_placement=&#8220;middle&#8220; el_class=&#8220;container&#8220;][vc_column_inner][vc_single_image image=&#8220;1771&#8243; img_size=&#8220;full&#8220; alignment=&#8220;right&#8220; onclick=&#8220;custom_link&#8220; css=&#8220;.vc_custom_1496063369098{margin-top: 0px !important;margin-right: 0px !important;margin-bottom: 0px !important;margin-left: 0px !important;border-top-width: 0px !important;border-right-width: 0px !important;border-bottom-width: 0px !important;border-left-width: 0px !important;padding-top: 20px !important;padding-right: 0px !important;padding-bottom: 20px !important;padding-left: 0px !important;}&#8220; el_class=&#8220;img img-left&#8220; link=&#8220;\/en\/capo-le-case\/&#8220;][vc_single_image image=&#8220;1772&#8243; img_size=&#8220;full&#8220; alignment=&#8220;center&#8220; onclick=&#8220;custom_link&#8220; css=&#8220;.vc_custom_1496063375104{margin-top: 0px !important;margin-right: 0px !important;margin-bottom: 0px !important;margin-left: 0px !important;border-top-width: 0px !important;border-right-width: 0px !important;border-bottom-width: 0px !important;border-left-width: 0px !important;padding-top: 0px !important;padding-right: 0px !important;padding-bottom: 0px !important;padding-left: 0px !important;}&#8220; el_class=&#8220;img img-center&#8220; link=&#8220;\/en\/capo-le-case\/&#8220;][vc_single_image image=&#8220;1773&#8243; img_size=&#8220;full&#8220; onclick=&#8220;custom_link&#8220; css=&#8220;.vc_custom_1496063381107{margin-top: 0px !important;margin-right: 0px !important;margin-bottom: 0px !important;margin-left: 0px !important;border-top-width: 0px !important;border-right-width: 0px !important;border-bottom-width: 0px !important;border-left-width: 0px !important;padding-top: 20px !important;padding-right: 0px !important;padding-bottom: 20px !important;padding-left: 0px !important;}&#8220; el_class=&#8220;img img-right&#8220; link=&#8220;\/en\/capo-le-case\/&#8220;][\/vc_column_inner][\/vc_row_inner][vc_column_text css=&#8220;.vc_custom_1593177382397{margin-top: 70px !important;margin-bottom: 40px !important;}&#8220;]<\/p>\r\n<p style=\"text-align: center;\"><a class=\"btn-gold\" href=\"\/de\/capo-le-case\/\">MEHR ERFAHREN<\/a><\/p>\r\n<p>[\/vc_column_text][\/vc_column][\/vc_row][vc_row full_width=&#8220;stretch_row_content_no_spaces&#8220; css=&#8220;.vc_custom_1591697636505{margin-top: 30px !important;margin-bottom: 30px !important;padding-top: 80px !important;padding-bottom: 80px !important;background-image: url(http:\/\/www.casaheberart.com\/wp-content\/uploads\/2016\/11\/spanish-steps-rome-italy.jpg?id=1780) !important;background-position: center !important;background-repeat: no-repeat !important;background-size: cover !important;}&#8220; el_id=&#8220;divider-row&#8220;][vc_column][vc_row_inner el_class=&#8220;container&#8220;][vc_column_inner][vc_column_text]<\/p>\r\n<h1 style=\"text-align: center;\">Beide Guest House liegen<br \/>\r\nim Herzen Roms,<br \/>\r\nnur wenige Schritte vom Spanischen Platz entfernt.<\/h1>\r\n<p>[\/vc_column_text][\/vc_column_inner][\/vc_row_inner][vc_column_text css=&#8220;.vc_custom_1593177532774{margin-top: 30px !important;}&#8220;]<\/p>\r\n<p style=\"text-align: center;\"><a class=\"btn-gold\" href=\"\/de\/unsere-lage\/\">KARTE<\/a><\/p>\r\n<p>[\/vc_column_text][\/vc_column][\/vc_row][vc_row full_width=&#8220;stretch_row&#8220; el_id=&#8220;custom-contact-frm&#8220; enable_overlay=&#8220;true&#8220; css=&#8220;.vc_custom_1523283404918{margin-top: 30px !important;background-image: url(http:\/\/www.casaheberart.com\/wp-content\/uploads\/2018\/04\/cont-bg.jpg?id=2241) !important;background-position: center !important;background-repeat: no-repeat !important;background-size: cover !important;}&#8220;][vc_column css=&#8220;.vc_custom_1523283462840{margin-top: 20px !important;margin-bottom: 20px !important;padding-top: 20px !important;padding-right: 20px !important;padding-bottom: 20px !important;padding-left: 20px !important;background-color: rgba(255,255,255,0.85) !important;*background-color: rgb(255,255,255) !important;}&#8220; el_class=&#8220;max&#8220;][vc_column_text]<\/p>\r\n<p style=\"text-align: center;\">Bitte f\u00fcllen Sie das Formular aus, um sich mit uns in Verbindung zu setzen. Wir werden Ihnen umgehend antworten!<br \/>\r\nOder schreiben Sie uns: <a href=\"mailto:info@casaheberart.com\">info@casaheberart.com<\/a>.<\/p>\r\n<p>[\/vc_column_text]<div role=\"form\" class=\"wpcf7\" id=\"wpcf7-f2255-o3\" lang=\"it-IT\" dir=\"ltr\">\n<div class=\"screen-reader-response\"><p role=\"status\" aria-live=\"polite\" aria-atomic=\"true\"><\/p> <ul><\/ul><\/div>\n<form action=\"\/de\/wp-json\/wp\/v2\/pages\/2#wpcf7-f2255-o3\" method=\"post\" class=\"wpcf7-form init\" novalidate=\"novalidate\" data-status=\"init\">\n<div style=\"display: none;\">\n<input type=\"hidden\" name=\"_wpcf7\" value=\"2255\" \/>\n<input type=\"hidden\" name=\"_wpcf7_version\" value=\"5.5.6\" \/>\n<input type=\"hidden\" name=\"_wpcf7_locale\" value=\"it_IT\" \/>\n<input type=\"hidden\" name=\"_wpcf7_unit_tag\" value=\"wpcf7-f2255-o3\" \/>\n<input type=\"hidden\" name=\"_wpcf7_container_post\" value=\"0\" \/>\n<input type=\"hidden\" name=\"_wpcf7_posted_data_hash\" value=\"\" \/>\n<\/div>\n<div class=\"contact-form\">\n<div class=\"row\">\n<div class=\"clearfix\">\n<div class=\"col-sm-6\"><i class=\"fa fa-user\"><\/i><span class=\"wpcf7-form-control-wrap your-name\"><input type=\"text\" name=\"your-name\" value=\"\" size=\"40\" class=\"wpcf7-form-control wpcf7-text wpcf7-validates-as-required field-text\" aria-required=\"true\" aria-invalid=\"false\" placeholder=\"Name*\" \/><\/span><\/div>\n<div class=\"col-sm-6\"><i class=\"fa fa-user\"><\/i><span class=\"wpcf7-form-control-wrap your-surname\"><input type=\"text\" name=\"your-surname\" value=\"\" size=\"40\" class=\"wpcf7-form-control wpcf7-text wpcf7-validates-as-required field-text\" aria-required=\"true\" aria-invalid=\"false\" placeholder=\"Nachname*\" \/><\/span><\/div>\n<\/div>\n<div class=\"clearfix\">\n<div class=\"col-sm-6\"><i class=\"fa fa-phone\"><\/i><span class=\"wpcf7-form-control-wrap your-tel\"><input type=\"tel\" name=\"your-tel\" value=\"\" size=\"40\" class=\"wpcf7-form-control wpcf7-text wpcf7-tel wpcf7-validates-as-required wpcf7-validates-as-tel field-text\" aria-required=\"true\" aria-invalid=\"false\" placeholder=\"Telefon *\" \/><\/span><\/div>\n<div class=\"col-sm-6\"><i class=\"fa fa-envelope\"><\/i><span class=\"wpcf7-form-control-wrap your-email\"><input type=\"email\" name=\"your-email\" value=\"\" size=\"40\" class=\"wpcf7-form-control wpcf7-text wpcf7-email wpcf7-validates-as-required wpcf7-validates-as-email field-text\" aria-required=\"true\" aria-invalid=\"false\" placeholder=\"E-mail*\" \/><\/span><\/div>\n<\/div>\n<div class=\"col-sm-12\"><i class=\"fa fa-edit\"><\/i><span class=\"wpcf7-form-control-wrap your-message\"><textarea name=\"your-message\" cols=\"40\" rows=\"10\" class=\"wpcf7-form-control wpcf7-textarea wpcf7-validates-as-required field-textarea\" aria-required=\"true\" aria-invalid=\"false\" placeholder=\"Nachricht*\"><\/textarea><\/span><\/div>\n<div class=\"col-sm-12\">\n\t\t\t<span class=\"wpcf7-form-control-wrap checkbox-terms\"><span class=\"wpcf7-form-control wpcf7-checkbox wpcf7-validates-as-required wpcf7-exclusive-checkbox\" id=\"psinformativa\"><span class=\"wpcf7-list-item first last\"><input type=\"checkbox\" name=\"checkbox-terms\" value=\"*\" \/><span class=\"wpcf7-list-item-label\">*<\/span><\/span><\/span><\/span>\n\t\t<\/div>\n<div class=\"col-sm-6\">\n\t\t\t<input type=\"submit\" value=\"SENDEN\" class=\"wpcf7-form-control has-spinner wpcf7-submit ev-cont-it btn-gold\" \/>\n\t\t<\/div>\n<div class=\"col-sm-12\">\n<div class=\"wpcf7-response-output\" aria-hidden=\"true\"><\/div>\n<\/div>\n<\/div>\n<\/div>\n<p><script src=\"https:\/\/servizi.promoservice.com\/gdpr\/1.0\/js\/ps-gdpr-lib.js\"><\/script><br \/>\n<script src=\"https:\/\/servizi.promoservice.com\/gdpr\/1.0\/js\/ps-gdpr-init.js\" data-customer=\"casaheberart\" data-lang=\"de\" data-type=\"informativa\"><\/script><\/p>\n<\/form><\/div>[\/vc_column][\/vc_row]<\/p>","protected":false},"excerpt":{"rendered":"[vc_row full_width=&#8220;stretch_row_content&#8220; css=&#8220;.vc_custom_1593178096420{margin-top: 0px !important;margin-bottom: 0px !important;border-top-width: 0px !important;border-bottom-width: 0px !important;padding-top: 0px !important;padding-bottom: 0px !important;background-color: #003581 !important;}&#8220;][vc_column width=&#8220;1\/6&#8243; css=&#8220;.vc_custom_1567786118343{margin-top: 0px !important;border-top-width: 0px !important;padding-top: 0px !important;}&#8220;][\/vc_column][vc_column width=&#8220;2\/3&#8243;][vc_raw_html css=&#8220;.vc_custom_1567786526757{margin-top: 0px !important;border-top-width: 0px !important;padding-top: 0px !important;}&#8220;]JTNDc2NyaXB0JTIwdHlwZSUzRCUyMnRleHQlMkZqYXZhc2NyaXB0JTIyJTIwc3JjJTNEJTIyaHR0cHMlM0ElMkYlMkZyZXN4Lm9jdG9yYXRlLmNvbSUyRm9jdG9ib29rJTJGcmVzb3VyY2VzJTJGd2lkZ2V0JTJGanMlMkZmb3JtLmpzJTIyJTIwZGF0YS1zaXRla2V5JTNEJTIyNmYxMmM3NWY0M2FiNGJmYTlkMTQ1ZmEwMmY0NmI5OTUlMjIlM0UlM0MlMkZzY3JpcHQlM0UlMEElMEE=[\/vc_raw_html][\/vc_column][vc_column width=&#8220;1\/6&#8243;][\/vc_column][\/vc_row][vc_row full_width=&#8220;stretch_row&#8220;][vc_column][vc_row_inner el_class=&#8220;container&#8220;][vc_column_inner css=&#8220;.vc_custom_1495618990881{margin-top: 50px !important;}&#8220;][vc_custom_heading text=&#8220;Casa Heberart hei\u00dft Sie willkommen,&#8220; font_container=&#8220;tag:h1|text_align:center|color:%23252c44&#8243; use_theme_fonts=&#8220;yes&#8220; css=&#8220;.vc_custom_1593172447089{margin-bottom: 20px !important;}&#8220;][vc_column_text] und bietet Ihnen die M\u00f6glichkeit, im [&hellip;]","protected":false},"author":14,"featured_media":0,"parent":0,"menu_order":0,"comment_status":"closed","ping_status":"closed","template":"","meta":[],"yoast_head":"<!-- This site is optimized with the Yoast SEO plugin v18.3 - https:\/\/yoast.com\/wordpress\/plugins\/seo\/ -->\n<title>Casa Heberart Guest Houses | Accommodation in Rome City Center<\/title>\n<meta name=\"description\" content=\"Casa Heberart Guest House welcomes you in charming and comfort rooms located in the heart of Rome, 5 minutes walk from Trevi Fountain.\" \/>\n<meta name=\"robots\" content=\"index, follow, max-snippet:-1, max-image-preview:large, max-video-preview:-1\" \/>\n<link rel=\"canonical\" href=\"https:\/\/www.casaheberart.com\/it\/\" \/>\n<meta property=\"og:locale\" content=\"de_DE\" \/>\n<meta property=\"og:type\" content=\"article\" \/>\n<meta property=\"og:title\" content=\"Casa Heberart Guest Houses | Accommodation in Rome City Center\" \/>\n<meta property=\"og:description\" content=\"Casa Heberart Guest House welcomes you in charming and comfort rooms located in the heart of Rome, 5 minutes walk from Trevi Fountain.\" \/>\n<meta property=\"og:url\" content=\"https:\/\/www.casaheberart.com\/it\/\" \/>\n<meta property=\"og:site_name\" content=\"Heberart House\" \/>\n<meta property=\"article:modified_time\" content=\"2020-06-26T13:28:23+00:00\" \/>\n<meta name=\"twitter:card\" content=\"summary\" \/>\n<meta name=\"twitter:label1\" content=\"Gesch\u00e4tzte Lesezeit\" \/>\n\t<meta name=\"twitter:data1\" content=\"32\u00a0Minuten\" \/>\n<script type=\"application\/ld+json\" class=\"yoast-schema-graph\">{\"@context\":\"https:\/\/schema.org\",\"@graph\":[{\"@type\":\"WebSite\",\"@id\":\"https:\/\/www.casaheberart.com\/it\/#website\",\"url\":\"https:\/\/www.casaheberart.com\/it\/\",\"name\":\"Heberart House\",\"description\":\"ROMA\",\"potentialAction\":[{\"@type\":\"SearchAction\",\"target\":{\"@type\":\"EntryPoint\",\"urlTemplate\":\"https:\/\/www.casaheberart.com\/it\/?s={search_term_string}\"},\"query-input\":\"required name=search_term_string\"}],\"inLanguage\":\"de\"},{\"@type\":\"WebPage\",\"@id\":\"https:\/\/www.casaheberart.com\/it\/#webpage\",\"url\":\"https:\/\/www.casaheberart.com\/it\/\",\"name\":\"Casa Heberart Guest Houses | Accommodation in Rome City Center\",\"isPartOf\":{\"@id\":\"https:\/\/www.casaheberart.com\/it\/#website\"},\"datePublished\":\"2016-11-03T15:24:16+00:00\",\"dateModified\":\"2020-06-26T13:28:23+00:00\",\"description\":\"Casa Heberart Guest House welcomes you in charming and comfort rooms located in the heart of Rome, 5 minutes walk from Trevi Fountain.\",\"breadcrumb\":{\"@id\":\"https:\/\/www.casaheberart.com\/it\/#breadcrumb\"},\"inLanguage\":\"de\",\"potentialAction\":[{\"@type\":\"ReadAction\",\"target\":[\"https:\/\/www.casaheberart.com\/it\/\"]}]},{\"@type\":\"BreadcrumbList\",\"@id\":\"https:\/\/www.casaheberart.com\/it\/#breadcrumb\",\"itemListElement\":[{\"@type\":\"ListItem\",\"position\":1,\"name\":\"Home\",\"item\":\"https:\/\/www.casaheberart.com\/it\/\"},{\"@type\":\"ListItem\",\"position\":2,\"name\":\"Home\"}]}]}<\/script>\n<!-- \/ Yoast SEO plugin. -->","yoast_head_json":{"title":"Casa Heberart Guest Houses | Accommodation in Rome City Center","description":"Casa Heberart Guest House welcomes you in charming and comfort rooms located in the heart of Rome, 5 minutes walk from Trevi Fountain.","robots":{"index":"index","follow":"follow","max-snippet":"max-snippet:-1","max-image-preview":"max-image-preview:large","max-video-preview":"max-video-preview:-1"},"canonical":"https:\/\/www.casaheberart.com\/it\/","og_locale":"de_DE","og_type":"article","og_title":"Casa Heberart Guest Houses | Accommodation in Rome City Center","og_description":"Casa Heberart Guest House welcomes you in charming and comfort rooms located in the heart of Rome, 5 minutes walk from Trevi Fountain.","og_url":"https:\/\/www.casaheberart.com\/it\/","og_site_name":"Heberart House","article_modified_time":"2020-06-26T13:28:23+00:00","twitter_card":"summary","twitter_misc":{"Gesch\u00e4tzte Lesezeit":"32\u00a0Minuten"},"schema":{"@context":"https:\/\/schema.org","@graph":[{"@type":"WebSite","@id":"https:\/\/www.casaheberart.com\/it\/#website","url":"https:\/\/www.casaheberart.com\/it\/","name":"Heberart House","description":"ROMA","potentialAction":[{"@type":"SearchAction","target":{"@type":"EntryPoint","urlTemplate":"https:\/\/www.casaheberart.com\/it\/?s={search_term_string}"},"query-input":"required name=search_term_string"}],"inLanguage":"de"},{"@type":"WebPage","@id":"https:\/\/www.casaheberart.com\/it\/#webpage","url":"https:\/\/www.casaheberart.com\/it\/","name":"Casa Heberart Guest Houses | Accommodation in Rome City Center","isPartOf":{"@id":"https:\/\/www.casaheberart.com\/it\/#website"},"datePublished":"2016-11-03T15:24:16+00:00","dateModified":"2020-06-26T13:28:23+00:00","description":"Casa Heberart Guest House welcomes you in charming and comfort rooms located in the heart of Rome, 5 minutes walk from Trevi Fountain.","breadcrumb":{"@id":"https:\/\/www.casaheberart.com\/it\/#breadcrumb"},"inLanguage":"de","potentialAction":[{"@type":"ReadAction","target":["https:\/\/www.casaheberart.com\/it\/"]}]},{"@type":"BreadcrumbList","@id":"https:\/\/www.casaheberart.com\/it\/#breadcrumb","itemListElement":[{"@type":"ListItem","position":1,"name":"Home","item":"https:\/\/www.casaheberart.com\/it\/"},{"@type":"ListItem","position":2,"name":"Home"}]}]}},"_links":{"self":[{"href":"https:\/\/www.casaheberart.com\/de\/wp-json\/wp\/v2\/pages\/2"}],"collection":[{"href":"https:\/\/www.casaheberart.com\/de\/wp-json\/wp\/v2\/pages"}],"about":[{"href":"https:\/\/www.casaheberart.com\/de\/wp-json\/wp\/v2\/types\/page"}],"author":[{"embeddable":true,"href":"https:\/\/www.casaheberart.com\/de\/wp-json\/wp\/v2\/users\/14"}],"replies":[{"embeddable":true,"href":"https:\/\/www.casaheberart.com\/de\/wp-json\/wp\/v2\/comments?post=2"}],"version-history":[{"count":276,"href":"https:\/\/www.casaheberart.com\/de\/wp-json\/wp\/v2\/pages\/2\/revisions"}],"predecessor-version":[{"id":2623,"href":"https:\/\/www.casaheberart.com\/de\/wp-json\/wp\/v2\/pages\/2\/revisions\/2623"}],"wp:attachment":[{"href":"https:\/\/www.casaheberart.com\/de\/wp-json\/wp\/v2\/media?parent=2"}],"curies":[{"name":"wp","href":"https:\/\/api.w.org\/{rel}","templated":true}]}}